{"id":5284,"date":"2023-12-20T12:56:48","date_gmt":"2023-12-20T12:56:48","guid":{"rendered":"https:\/\/laclinicasc.com\/?page_id=5284"},"modified":"2025-03-19T02:21:12","modified_gmt":"2025-03-19T02:21:12","slug":"rehabilitacion-postoperatoria","status":"publish","type":"page","link":"https:\/\/laclinicasc.com\/es\/post-op-rehab\/","title":{"rendered":"Rehabilitaci\u00f3n postoperatoria"},"content":{"rendered":"<div class=\"qodef-content-grid\"><div class=\"vc_row wpb_row vc_row-fluid vc_custom_1617636167649 vc_column-gap-30\"><div class=\"wpb_column vc_column_container vc_col-sm-6\"><div class=\"vc_column-inner vc_custom_1616775108441\"><div class=\"wpb_wrapper\"><div class=\"qodef-shortcode qodef-m em-title-after qodef-section-title qodef-alignment--left\">\n\t\t\t<div class=\"qodef-m-tagline\" style=\"margin-bottom: 3px;color: #db7e30\">\n\t\tPodemos ayudar  a diagnosticar y recomendarle el tratamiento adecuado\t<\/div>\n\t\t<h2 class=\"qodef-m-title\" >\n\t\t\t\t\tRehabilitaci\u00f3n posoperatoria en Chicago\t\t\t<\/h2>\n\t<\/div><div class=\"vc_empty_space\"   style=\"height: 60px\"><span class=\"vc_empty_space_inner\"><\/span><\/div>\n\t<div class=\"wpb_text_column wpb_content_element  vc_custom_1703074615160\" >\n\t\t<div class=\"wpb_wrapper\">\n\t\t\t<p><span style=\"font-weight: 400;\">La Cl\u00ednica entiende que el periodo posterior a la cirug\u00eda es fundamental para su recuperaci\u00f3n. Un programa de rehabilitaci\u00f3n posoperatoria est\u00e1 dise\u00f1ado para brindar atenci\u00f3n especializada para acelerar la curaci\u00f3n y garantizar una transici\u00f3n sin problemas de regreso a una vida activa.<\/span><\/p>\n\n\t\t<\/div>\n\t<\/div>\n<\/div><\/div><\/div><div class=\"wpb_column vc_column_container vc_col-sm-6\"><div class=\"vc_column-inner vc_custom_1616512824880\"><div class=\"wpb_wrapper\">\n\t<div  class=\"wpb_single_image wpb_content_element vc_align_left\">\n\t\t\n\t\t<figure class=\"wpb_wrapper vc_figure\">\n\t\t\t<div class=\"vc_single_image-wrapper   vc_box_border_grey\"><img loading=\"lazy\" decoding=\"async\" width=\"786\" height=\"520\" src=\"https:\/\/laclinicasc.com\/wp-content\/uploads\/2023\/12\/Injured-Leg.png\" class=\"vc_single_image-img attachment-full\" alt=\"\" srcset=\"https:\/\/laclinicasc.com\/wp-content\/uploads\/2023\/12\/Injured-Leg.png 786w, https:\/\/laclinicasc.com\/wp-content\/uploads\/2023\/12\/Injured-Leg-300x198.png 300w, https:\/\/laclinicasc.com\/wp-content\/uploads\/2023\/12\/Injured-Leg-768x508.png 768w, https:\/\/laclinicasc.com\/wp-content\/uploads\/2023\/12\/Injured-Leg-18x12.png 18w\" sizes=\"auto, (max-width: 786px) 100vw, 786px\" \/><\/div>\n\t\t<\/figure>\n\t<\/div>\n<\/div><\/div><\/div><\/div><\/div><div class=\"vc_row wpb_row vc_row-fluid vc_custom_1699942093594\"><div class=\"wpb_column vc_column_container vc_col-sm-12\"><div class=\"vc_column-inner\"><div class=\"wpb_wrapper\">\n\t<div class=\"wpb_text_column wpb_content_element  vc_custom_1703073426473\" >\n\t\t<div class=\"wpb_wrapper\">\n\t\t\t<h2><b>Los beneficios de la rehabilitaci\u00f3n posoperatoria<\/b><\/h2>\n<p><span style=\"font-weight: 400;\">El programa de rehabilitaci\u00f3n postoperatoria de La Cl\u00ednica ha sido dise\u00f1ado para reducir el dolor y ayudar a la recuperaci\u00f3n. Tambi\u00e9n ofrece varios beneficios, que incluyen:<\/span><\/p>\n<h3><b>\u2705Curaci\u00f3n \u00d3ptima<\/b><\/h3>\n<p><span style=\"font-weight: 400;\">La Cl\u00ednica se esfuerza por ayudarle a lograr una salud \u00f3ptima lo m\u00e1s r\u00e1pido posible. Nuestro programa de rehabilitaci\u00f3n postoperatoria prioriza el proceso de curaci\u00f3n natural de su cuerpo. Integraremos ejercicios y terapias dirigidas para mejorar la circulaci\u00f3n sangu\u00ednea y la regeneraci\u00f3n de tejidos. Sobre todo, aprender\u00e1 pr\u00e1cticas vitales de cuidado personal para promover una curaci\u00f3n \u00f3ptima.<\/span><\/p>\n<h3><b>\u2705Dolor reducido<\/b><\/h3>\n<p><span style=\"font-weight: 400;\">Otro aspecto importante de nuestro programa de rehabilitaci\u00f3n postoperatoria es minimizar el dolor. Los especialistas de La Cl\u00ednica entienden que la tolerancia al dolor var\u00eda de persona a persona. Nuestro programa adopta un enfoque individualizado para el manejo del dolor. Evaluaremos minuciosamente sus niveles de dolor para comprender mejor su umbral y abordar las molestias. Este programa tambi\u00e9n puede incorporar el manejo de medicamentos para aliviar el dolor posoperatorio.<\/span><\/p>\n<h3><b>\u2705Fortalecimiento Muscular<\/b><\/h3>\n<p><span style=\"font-weight: 400;\">En tercer lugar, elegir nuestro programa post-rehabilitaci\u00f3n le ayudar\u00e1 a recuperar y aumentar su fuerza muscular. Su programa personalizado incluir\u00e1 ejercicios personalizados para promover una curaci\u00f3n \u00f3ptima y fortalecer los m\u00fasculos que rodean el sitio quir\u00fargico. Tambi\u00e9n tendr\u00e1 una progresi\u00f3n gradual en la intensidad del ejercicio para mejorar la resistencia muscular.\u00a0<\/span><\/p>\n<h3><b>\u2705Movilidad articular mejorada<\/b><\/h3>\n<p><span style=\"font-weight: 400;\">El programa de rehabilitaci\u00f3n postoperatoria de La Cl\u00ednica incorpora ejercicios espec\u00edficos para restaurar y mejorar la movilidad de las articulaciones, reducir la rigidez y promover el movimiento fluido. Adem\u00e1s, estos ejercicios de rehabilitaci\u00f3n estimulan la producci\u00f3n de l\u00edquido sinovial, mejorando la lubricaci\u00f3n de las articulaciones para un movimiento m\u00e1s suave.<\/span><\/p>\n<h3><b>\u2705Manejo del tejido cicatricial<\/b><\/h3>\n<p><span style=\"font-weight: 400;\">Otro beneficio importante de elegir este programa de rehabilitaci\u00f3n posoperatoria de La Cl\u00ednica es el manejo del tejido cicatricial. El programa incluye intervenciones terap\u00e9uticas enfocadas en minimizar la formaci\u00f3n de tejido cicatricial y promover la curaci\u00f3n adecuada de las incisiones. Nuestros m\u00e9dicos tambi\u00e9n brindan t\u00e9cnicas pr\u00e1cticas para ayudar a controlar el tejido cicatricial, prevenir adherencias y mejorar la flexibilidad general del tejido.<\/span><\/p>\n<h3><b>\u2705Mejora del equilibrio y la coordinaci\u00f3n<\/b><\/h3>\n<p><span style=\"font-weight: 400;\">El programa de rehabilitaci\u00f3n postoperatoria de La Cl\u00ednica tambi\u00e9n incorpora ejercicios que mejoran el equilibrio y la coordinaci\u00f3n, que son cruciales para un regreso seguro a las actividades diarias. Adem\u00e1s, nuestros m\u00e9dicos brindar\u00e1n actividades especializadas para mejorar la propiocepci\u00f3n, ayudando en la conciencia espacial y previniendo ca\u00eddas.<\/span><\/p>\n<h3><b>\u2705Salud de las articulaciones a largo plazo<\/b><\/h3>\n<p><span style=\"font-weight: 400;\">Los m\u00e9dicos experimentados de La Cl\u00ednica est\u00e1n dedicados a garantizar la salud y el bienestar de sus articulaciones a largo plazo. Conf\u00ede en ellos para guiar modificaciones en el estilo de vida y ejercicios que contribuyan a la salud de las articulaciones a largo plazo, previniendo complicaciones futuras. Tambi\u00e9n lo guiar\u00e1n y abordar\u00e1n los factores que contribuyen a los problemas de las articulaciones, reduciendo el riesgo de futuras cirug\u00edas.<\/span><\/p>\n<h2><b>Nuestro enfoque para la rehabilitaci\u00f3n posoperatoria en Chicago<\/b><\/h2>\n<p><span style=\"font-weight: 400;\">Nuestro programa de Rehabilitaci\u00f3n Postoperatoria destaca por su enfoque centrado en el paciente, planes personalizados y colaboraci\u00f3n con <\/span><span style=\"font-weight: 400;\">su equipo quir\u00fargico<\/span><span style=\"font-weight: 400;\">. Esto es lo que define el enfoque de La Cl\u00ednica:<\/span><\/p>\n\n\t\t<\/div>\n\t<\/div>\n<\/div><\/div><\/div><\/div><div class=\"qodef-content-grid\"><div class=\"vc_row wpb_row vc_row-fluid vc_custom_1697732237578\"><div class=\"wpb_column vc_column_container vc_col-sm-12\"><div class=\"vc_column-inner\"><div class=\"wpb_wrapper\"><div class=\"vc_tta-container\" data-vc-action=\"collapseAll\"><div class=\"vc_general vc_tta vc_tta-accordion vc_tta-color-grey vc_tta-style-classic vc_tta-shape-rounded vc_tta-o-shape-group vc_tta-gap-20 vc_tta-controls-align-left vc_tta-o-no-fill vc_tta-o-all-clickable  em-accordion-blue\"><div class=\"vc_tta-panels-container\"><div class=\"vc_tta-panels\"><div class=\"vc_tta-panel\" id=\"specialized-evaluation\" data-vc-content=\".vc_tta-panel-body\"><div class=\"vc_tta-panel-heading\"><h4 class=\"vc_tta-panel-title vc_tta-controls-icon-position-right\"><a href=\"#specialized-evaluation\" data-vc-accordion data-vc-container=\".vc_tta-container\"><span class=\"vc_tta-title-text\">Evaluaci\u00f3n especializada: evaluaci\u00f3n de sus necesidades posquir\u00fargicas<\/span><i class=\"vc_tta-controls-icon vc_tta-controls-icon-chevron\"><\/i><\/a><\/h4><\/div><div class=\"vc_tta-panel-body\"><div class=\"vc_row wpb_row vc_inner vc_row-fluid\"><div class=\"wpb_column vc_column_container vc_col-sm-12\"><div class=\"vc_column-inner\"><div class=\"wpb_wrapper\">\n\t<div class=\"wpb_text_column wpb_content_element\" >\n\t\t<div class=\"wpb_wrapper\">\n\t\t\t<p><span style=\"font-weight: 400;\">Su viaje hacia la recuperaci\u00f3n comienza con una evaluaci\u00f3n exhaustiva de sus necesidades posquir\u00fargicas. Nuestros terapeutas experimentados comenzar\u00e1n revisando sus detalles quir\u00fargicos.<\/span> <span style=\"font-weight: 400;\">y comprender los detalles de su cirug\u00eda para adaptar las estrategias de rehabilitaci\u00f3n en consecuencia. Luego, evaluar\u00e1n su estado f\u00edsico actual para identificar \u00e1reas que requieren atenci\u00f3n y mejora. Nuestros m\u00e9dicos tambi\u00e9n colaborar\u00e1n estrechamente con <\/span><span style=\"font-weight: 400;\">su equipo quir\u00fargico<\/span><span style=\"font-weight: 400;\"> para garantizar un plan de rehabilitaci\u00f3n unificado y eficaz.<\/span><\/p>\n\n\t\t<\/div>\n\t<\/div>\n<\/div><\/div><\/div><\/div><\/div><\/div><div class=\"vc_tta-panel\" id=\"personalized-treatment-plans\" data-vc-content=\".vc_tta-panel-body\"><div class=\"vc_tta-panel-heading\"><h4 class=\"vc_tta-panel-title vc_tta-controls-icon-position-right\"><a href=\"#personalized-treatment-plans\" data-vc-accordion data-vc-container=\".vc_tta-container\"><span class=\"vc_tta-title-text\">Planes de tratamiento personalizados: su hoja de ruta hacia la recuperaci\u00f3n<\/span><i class=\"vc_tta-controls-icon vc_tta-controls-icon-chevron\"><\/i><\/a><\/h4><\/div><div class=\"vc_tta-panel-body\"><div class=\"vc_row wpb_row vc_inner vc_row-fluid vc_column-gap-20\"><div class=\"wpb_column vc_column_container vc_col-sm-12\"><div class=\"vc_column-inner\"><div class=\"wpb_wrapper\">\n\t<div class=\"wpb_text_column wpb_content_element\" >\n\t\t<div class=\"wpb_wrapper\">\n\t\t\t<p><span style=\"font-weight: 400;\">La Cl\u00ednica reconoce que cada individuo y cada cirug\u00eda es \u00fanica. Cuente con nosotros para elaborar planes de tratamiento personalizados que incluyan:<\/span><\/p>\n<ul>\n<li style=\"font-weight: 400;\" aria-level=\"1\"><span style=\"font-weight: 400;\">Ejercicios personalizados dise\u00f1ados para abordar las necesidades espec\u00edficas de su cirug\u00eda, desarrollando gradualmente fuerza y flexibilidad.<\/span><\/li>\n<li style=\"font-weight: 400;\" aria-level=\"1\"><span style=\"font-weight: 400;\">Avanzando gradualmente en la intensidad y complejidad de los ejercicios a medida que tu cuerpo sana y gana fuerza.<\/span><\/li>\n<li style=\"font-weight: 400;\" aria-level=\"1\"><span style=\"font-weight: 400;\">Incorporando estrategias para manejar el dolor postoperatorio, asegurando su comodidad durante todo el proceso de rehabilitaci\u00f3n.<\/span><\/li>\n<\/ul>\n<p><span style=\"font-weight: 400;\">Por encima de todo, creemos en un enfoque colaborativo para la atenci\u00f3n postoperatoria. Nuestros terapeutas trabajan en estrecha colaboraci\u00f3n con su equipo quir\u00fargico para alinear los objetivos de rehabilitaci\u00f3n y el seguimiento del progreso.<\/span> <span style=\"font-weight: 400;\">y garantizar una atenci\u00f3n integral<\/span><b>.<\/b><\/p>\n\n\t\t<\/div>\n\t<\/div>\n<\/div><\/div><\/div><\/div><\/div><\/div><\/div><\/div><\/div><\/div><\/div><\/div><\/div><\/div><\/div><div class=\"vc_row wpb_row vc_row-fluid vc_custom_1616776444995\"><div class=\"wpb_column vc_column_container vc_col-sm-12\"><div class=\"vc_column-inner\"><div class=\"wpb_wrapper\">\n\t<div class=\"wpb_text_column wpb_content_element  vc_custom_1703074202532\" >\n\t\t<div class=\"wpb_wrapper\">\n\t\t\t<h2><b>Condiciones abordadas en la rehabilitaci\u00f3n posoperatoria<\/b><\/h2>\n<p><span style=\"font-weight: 400;\">Nuestro programa de rehabilitaci\u00f3n posoperatoria est\u00e1 equipado para abordar una variedad de condiciones posquir\u00fargicas, que incluyen:<\/span><\/p>\n<ul>\n<li style=\"font-weight: 400;\" aria-level=\"1\"><span style=\"font-weight: 400;\">Cirug\u00edas de columna<\/span><\/li>\n<li style=\"font-weight: 400;\" aria-level=\"1\"><span style=\"font-weight: 400;\">Cirug\u00edas de tejidos blandos<\/span><\/li>\n<li style=\"font-weight: 400;\" aria-level=\"1\"><span style=\"font-weight: 400;\">Cirug\u00edas ortop\u00e9dicas<\/span><\/li>\n<li style=\"font-weight: 400;\" aria-level=\"1\"><span style=\"font-weight: 400;\">Cirug\u00edas articulares<\/span><\/li>\n<li style=\"font-weight: 400;\" aria-level=\"1\"><span style=\"font-weight: 400;\">Reemplazos de articulaciones<\/span><\/li>\n<\/ul>\n\n\t\t<\/div>\n\t<\/div>\n<\/div><\/div><\/div><\/div><div data-vc-full-width=\"true\" data-vc-full-width-init=\"false\" data-vc-stretch-content=\"true\" class=\"vc_row wpb_row vc_row-fluid vc_custom_1641022849279 vc_row-has-fill vc_row-o-equal-height vc_row-o-content-middle vc_row-flex\"><div class=\"wpb_column vc_column_container vc_col-sm-12 vc_col-lg-6 vc_col-md-12 vc_col-xs-12 vc_col-has-fill\"><div class=\"vc_column-inner vc_custom_1703076762611\"><div class=\"wpb_wrapper\"><\/div><\/div><\/div><div class=\"wpb_column vc_column_container vc_col-sm-12 vc_col-lg-6 vc_col-md-12 vc_col-xs-12\"><div class=\"vc_column-inner vc_custom_1621861662621\"><div class=\"wpb_wrapper\"><div class=\"qodef-shortcode qodef-m Start Your Journey to Full Recovery with La Clinica Today qodef-section-title qodef-alignment--left\">\n\t\t\t<div class=\"qodef-m-tagline\" style=\"color: #db7e30\">\n\t\tDescubre mas\t<\/div>\n\t\t<h2 class=\"qodef-m-title\" >\n\t\t\t\t\tComience su viaje hacia la recuperaci\u00f3n total con La Cl\u00ednica hoy\t\t\t<\/h2>\n\t<\/div><div class=\"vc_empty_space\"   style=\"height: 32px\"><span class=\"vc_empty_space_inner\"><\/span><\/div>\n\t<div class=\"wpb_text_column wpb_content_element  vc_custom_1703074261478\" >\n\t\t<div class=\"wpb_wrapper\">\n\t\t\t<p><span style=\"font-weight: 400;\">Comience hoy su viaje hacia una recuperaci\u00f3n completa con nuestro programa de rehabilitaci\u00f3n posoperatoria en Chicago. Nuestro compromiso con la atenci\u00f3n personalizada y el enfoque colaborativo nos convierte en el socio confiable de #1 para todas sus necesidades de curaci\u00f3n posquir\u00fargica en Chicago. Comun\u00edquese con La Cl\u00ednica hoy para programar su consulta y dar el primer paso hacia una vida activa y sin dolor.<\/span><\/p>\n\n\t\t<\/div>\n\t<\/div>\n<\/div><\/div><\/div><\/div><div class=\"vc_row-full-width vc_clearfix\"><\/div><div data-vc-full-width=\"true\" data-vc-full-width-init=\"false\" class=\"vc_row wpb_row vc_row-fluid vc_custom_1671133825910 vc_row-has-fill qodef-content-alignment-center\"><div class=\"wpb_column vc_column_container vc_col-sm-12\"><div class=\"vc_column-inner\"><div class=\"wpb_wrapper\">\n\t<div class=\"wpb_text_column wpb_content_element\" >\n\t\t<div class=\"wpb_wrapper\">\n\t\t\t<p style=\"text-align: center;\">\u00bfTiene m\u00e1s preguntas? Llame al (773) 763-2800 o use el formulario en esta p\u00e1gina para reservar su cita hoy.<\/p>\n\n\t\t<\/div>\n\t<\/div>\n<div class=\"qodef-shortcode qodef-m  qodef-section-title qodef-alignment--center\">\n\t\t\t\t<h2 class=\"qodef-m-title\" >\n\t\t\t\t\tReserve su Consulta Gratuita\t\t\t<\/h2>\n\t<\/div><div class=\"vc_empty_space\"   style=\"height: 30px\"><span class=\"vc_empty_space_inner\"><\/span><\/div><a class=\"qodef-shortcode qodef-m em-button-centar qodef-button qodef-layout--filled  qodef-html--link\" href=\"#wp_popup_2487427\" target=\"_self\" data-hover-color=\"#da7d2e\" data-hover-background-color=\"transparent\" data-hover-border-color=\"#da7d2e\" style=\"color: #ffffff;background-color: #da7d2e;border-color: #da7d2e\">\n\t<span class=\"qodef-m-text\">Consulta Gratuita<\/span>\n<\/a><\/div><\/div><\/div><\/div><div class=\"vc_row-full-width vc_clearfix\"><\/div>","protected":false},"excerpt":{"rendered":"We can help with diagnosis &amp; Treatment Post-Op Rehab in Chicago La Clinica understands that the period following surgery is essential for your recovery. A post-operative rehab program is designed to provide specialized care to speed up healing and ensure a smooth transition back to an active life. The Benefits of Post-Op Rehabilitation La Clinica's [...]","protected":false},"author":5,"featured_media":5288,"parent":0,"menu_order":0,"comment_status":"closed","ping_status":"closed","template":"","meta":{"content-type":"","footnotes":""},"class_list":["post-5284","page","type-page","status-publish","has-post-thumbnail","hentry"],"yoast_head":"<!-- This site is optimized with the Yoast SEO plugin v27.0 - https:\/\/yoast.com\/product\/yoast-seo-wordpress\/ -->\n<title>Post-Op Rehab in Chicago | Recovery &amp; Healing - La Clinica S.C.<\/title>\n<meta name=\"description\" content=\"Recover faster with post-op rehab at La Clinica S.C. in Chicago. Our specialists help you regain strength and mobility after surgery.\" \/>\n<meta name=\"robots\" content=\"index, follow, max-snippet:-1, max-image-preview:large, max-video-preview:-1\" \/>\n<link rel=\"canonical\" href=\"https:\/\/laclinicasc.com\/es\/rehabilitacion-postoperatoria\/\" \/>\n<meta property=\"og:locale\" content=\"es_MX\" \/>\n<meta property=\"og:type\" content=\"article\" \/>\n<meta property=\"og:title\" content=\"Post-Op Rehab in Chicago | Recovery &amp; Healing - La Clinica S.C.\" \/>\n<meta property=\"og:description\" content=\"Recover faster with post-op rehab at La Clinica S.C. in Chicago. Our specialists help you regain strength and mobility after surgery.\" \/>\n<meta property=\"og:url\" content=\"https:\/\/laclinicasc.com\/es\/rehabilitacion-postoperatoria\/\" \/>\n<meta property=\"og:site_name\" content=\"La Clinica\" \/>\n<meta property=\"article:modified_time\" content=\"2025-03-19T02:21:12+00:00\" \/>\n<meta property=\"og:image\" content=\"https:\/\/laclinicasc.com\/wp-content\/uploads\/2023\/12\/Post-Op-Rehab.png\" \/>\n\t<meta property=\"og:image:width\" content=\"788\" \/>\n\t<meta property=\"og:image:height\" content=\"520\" \/>\n\t<meta property=\"og:image:type\" content=\"image\/png\" \/>\n<meta name=\"twitter:card\" content=\"summary_large_image\" \/>\n<meta name=\"twitter:label1\" content=\"Tiempo de lectura\" \/>\n\t<meta name=\"twitter:data1\" content=\"5 minutos\" \/>\n<script type=\"application\/ld+json\" class=\"yoast-schema-graph\">{\"@context\":\"https:\/\/schema.org\",\"@graph\":[{\"@type\":\"WebPage\",\"@id\":\"https:\/\/laclinicasc.com\/post-op-rehab\/\",\"url\":\"https:\/\/laclinicasc.com\/post-op-rehab\/\",\"name\":\"Post-Op Rehab in Chicago | Recovery & Healing - La Clinica S.C.\",\"isPartOf\":{\"@id\":\"https:\/\/laclinicasc.com\/es\/#website\"},\"primaryImageOfPage\":{\"@id\":\"https:\/\/laclinicasc.com\/post-op-rehab\/#primaryimage\"},\"image\":{\"@id\":\"https:\/\/laclinicasc.com\/post-op-rehab\/#primaryimage\"},\"thumbnailUrl\":\"https:\/\/laclinicasc.com\/wp-content\/uploads\/2023\/12\/Post-Op-Rehab.png\",\"datePublished\":\"2023-12-20T12:56:48+00:00\",\"dateModified\":\"2025-03-19T02:21:12+00:00\",\"description\":\"Recover faster with post-op rehab at La Clinica S.C. in Chicago. Our specialists help you regain strength and mobility after surgery.\",\"breadcrumb\":{\"@id\":\"https:\/\/laclinicasc.com\/post-op-rehab\/#breadcrumb\"},\"inLanguage\":\"es\",\"potentialAction\":[{\"@type\":\"ReadAction\",\"target\":[\"https:\/\/laclinicasc.com\/post-op-rehab\/\"]}]},{\"@type\":\"ImageObject\",\"inLanguage\":\"es\",\"@id\":\"https:\/\/laclinicasc.com\/post-op-rehab\/#primaryimage\",\"url\":\"https:\/\/laclinicasc.com\/wp-content\/uploads\/2023\/12\/Post-Op-Rehab.png\",\"contentUrl\":\"https:\/\/laclinicasc.com\/wp-content\/uploads\/2023\/12\/Post-Op-Rehab.png\",\"width\":788,\"height\":520,\"caption\":\"A therapist helping his patient\"},{\"@type\":\"BreadcrumbList\",\"@id\":\"https:\/\/laclinicasc.com\/post-op-rehab\/#breadcrumb\",\"itemListElement\":[{\"@type\":\"ListItem\",\"position\":1,\"name\":\"Home\",\"item\":\"https:\/\/laclinicasc.com\/es\/\"},{\"@type\":\"ListItem\",\"position\":2,\"name\":\"Post-Op Rehab\"}]},{\"@type\":\"WebSite\",\"@id\":\"https:\/\/laclinicasc.com\/es\/#website\",\"url\":\"https:\/\/laclinicasc.com\/es\/\",\"name\":\"La Clinica\",\"description\":\"Personal Injury Care Center in Chicago\",\"publisher\":{\"@id\":\"https:\/\/laclinicasc.com\/es\/#organization\"},\"potentialAction\":[{\"@type\":\"SearchAction\",\"target\":{\"@type\":\"EntryPoint\",\"urlTemplate\":\"https:\/\/laclinicasc.com\/es\/?s={search_term_string}\"},\"query-input\":{\"@type\":\"PropertyValueSpecification\",\"valueRequired\":true,\"valueName\":\"search_term_string\"}}],\"inLanguage\":\"es\"},{\"@type\":\"Organization\",\"@id\":\"https:\/\/laclinicasc.com\/es\/#organization\",\"name\":\"La Clinica\",\"url\":\"https:\/\/laclinicasc.com\/es\/\",\"logo\":{\"@type\":\"ImageObject\",\"inLanguage\":\"es\",\"@id\":\"https:\/\/laclinicasc.com\/es\/#\/schema\/logo\/image\/\",\"url\":\"https:\/\/coral-eel-948463.hostingersite.com\/wp-content\/uploads\/2021\/03\/La-Clinica-Transparent-Color-Logo.png\",\"contentUrl\":\"https:\/\/coral-eel-948463.hostingersite.com\/wp-content\/uploads\/2021\/03\/La-Clinica-Transparent-Color-Logo.png\",\"width\":215,\"height\":125,\"caption\":\"La Clinica\"},\"image\":{\"@id\":\"https:\/\/laclinicasc.com\/es\/#\/schema\/logo\/image\/\"}}]}<\/script>\n<!-- \/ Yoast SEO plugin. -->","yoast_head_json":{"title":"Rehabilitaci\u00f3n Postoperatoria En Chicago Para Recuperaci\u00f3n","description":"Recup\u00e9rese m\u00e1s r\u00e1pido con la rehabilitaci\u00f3n postoperatoria en La Cl\u00ednica SC en Chicago. Nuestros especialistas le ayudar\u00e1n a recuperar fuerza y movilidad despu\u00e9s de la cirug\u00eda.","robots":{"index":"index","follow":"follow","max-snippet":"max-snippet:-1","max-image-preview":"max-image-preview:large","max-video-preview":"max-video-preview:-1"},"canonical":"https:\/\/laclinicasc.com\/es\/rehabilitacion-postoperatoria\/","og_locale":"es_MX","og_type":"article","og_title":"Post-Op Rehab in Chicago | Recovery & Healing - La Clinica S.C.","og_description":"Recover faster with post-op rehab at La Clinica S.C. in Chicago. Our specialists help you regain strength and mobility after surgery.","og_url":"https:\/\/laclinicasc.com\/es\/rehabilitacion-postoperatoria\/","og_site_name":"La Clinica","article_modified_time":"2025-03-19T02:21:12+00:00","og_image":[{"width":788,"height":520,"url":"https:\/\/laclinicasc.com\/wp-content\/uploads\/2023\/12\/Post-Op-Rehab.png","type":"image\/png"}],"twitter_card":"summary_large_image","twitter_misc":{"Tiempo de lectura":"5 minutos"},"schema":{"@context":"https:\/\/schema.org","@graph":[{"@type":"WebPage","@id":"https:\/\/laclinicasc.com\/post-op-rehab\/","url":"https:\/\/laclinicasc.com\/post-op-rehab\/","name":"Rehabilitaci\u00f3n Postoperatoria En Chicago Para Recuperaci\u00f3n","isPartOf":{"@id":"https:\/\/laclinicasc.com\/es\/#website"},"primaryImageOfPage":{"@id":"https:\/\/laclinicasc.com\/post-op-rehab\/#primaryimage"},"image":{"@id":"https:\/\/laclinicasc.com\/post-op-rehab\/#primaryimage"},"thumbnailUrl":"https:\/\/laclinicasc.com\/wp-content\/uploads\/2023\/12\/Post-Op-Rehab.png","datePublished":"2023-12-20T12:56:48+00:00","dateModified":"2025-03-19T02:21:12+00:00","description":"Recup\u00e9rese m\u00e1s r\u00e1pido con la rehabilitaci\u00f3n postoperatoria en La Cl\u00ednica SC en Chicago. Nuestros especialistas le ayudar\u00e1n a recuperar fuerza y movilidad despu\u00e9s de la cirug\u00eda.","breadcrumb":{"@id":"https:\/\/laclinicasc.com\/post-op-rehab\/#breadcrumb"},"inLanguage":"es","potentialAction":[{"@type":"ReadAction","target":["https:\/\/laclinicasc.com\/post-op-rehab\/"]}]},{"@type":"ImageObject","inLanguage":"es","@id":"https:\/\/laclinicasc.com\/post-op-rehab\/#primaryimage","url":"https:\/\/laclinicasc.com\/wp-content\/uploads\/2023\/12\/Post-Op-Rehab.png","contentUrl":"https:\/\/laclinicasc.com\/wp-content\/uploads\/2023\/12\/Post-Op-Rehab.png","width":788,"height":520,"caption":"A therapist helping his patient"},{"@type":"BreadcrumbList","@id":"https:\/\/laclinicasc.com\/post-op-rehab\/#breadcrumb","itemListElement":[{"@type":"ListItem","position":1,"name":"Home","item":"https:\/\/laclinicasc.com\/es\/"},{"@type":"ListItem","position":2,"name":"Post-Op Rehab"}]},{"@type":"WebSite","@id":"https:\/\/laclinicasc.com\/es\/#website","url":"https:\/\/laclinicasc.com\/es\/","name":"La Clinica,","description":"Centro de Atenci\u00f3n de Lesiones Personales en Chicago","publisher":{"@id":"https:\/\/laclinicasc.com\/es\/#organization"},"potentialAction":[{"@type":"SearchAction","target":{"@type":"EntryPoint","urlTemplate":"https:\/\/laclinicasc.com\/es\/?s={search_term_string}"},"query-input":{"@type":"PropertyValueSpecification","valueRequired":true,"valueName":"search_term_string"}}],"inLanguage":"es"},{"@type":"Organization","@id":"https:\/\/laclinicasc.com\/es\/#organization","name":"La Clinica,","url":"https:\/\/laclinicasc.com\/es\/","logo":{"@type":"ImageObject","inLanguage":"es","@id":"https:\/\/laclinicasc.com\/es\/#\/schema\/logo\/image\/","url":"https:\/\/coral-eel-948463.hostingersite.com\/wp-content\/uploads\/2021\/03\/La-Clinica-Transparent-Color-Logo.png","contentUrl":"https:\/\/coral-eel-948463.hostingersite.com\/wp-content\/uploads\/2021\/03\/La-Clinica-Transparent-Color-Logo.png","width":215,"height":125,"caption":"La Clinica"},"image":{"@id":"https:\/\/laclinicasc.com\/es\/#\/schema\/logo\/image\/"}}]}},"_links":{"self":[{"href":"https:\/\/laclinicasc.com\/es\/wp-json\/wp\/v2\/pages\/5284","targetHints":{"allow":["GET"]}}],"collection":[{"href":"https:\/\/laclinicasc.com\/es\/wp-json\/wp\/v2\/pages"}],"about":[{"href":"https:\/\/laclinicasc.com\/es\/wp-json\/wp\/v2\/types\/page"}],"author":[{"embeddable":true,"href":"https:\/\/laclinicasc.com\/es\/wp-json\/wp\/v2\/users\/5"}],"replies":[{"embeddable":true,"href":"https:\/\/laclinicasc.com\/es\/wp-json\/wp\/v2\/comments?post=5284"}],"version-history":[{"count":5,"href":"https:\/\/laclinicasc.com\/es\/wp-json\/wp\/v2\/pages\/5284\/revisions"}],"predecessor-version":[{"id":5301,"href":"https:\/\/laclinicasc.com\/es\/wp-json\/wp\/v2\/pages\/5284\/revisions\/5301"}],"wp:featuredmedia":[{"embeddable":true,"href":"https:\/\/laclinicasc.com\/es\/wp-json\/wp\/v2\/media\/5288"}],"wp:attachment":[{"href":"https:\/\/laclinicasc.com\/es\/wp-json\/wp\/v2\/media?parent=5284"}],"curies":[{"name":"Gracias","href":"https:\/\/api.w.org\/{rel}","templated":true}]}}