{"id":5245,"date":"2023-11-14T08:28:44","date_gmt":"2023-11-14T08:28:44","guid":{"rendered":"https:\/\/laclinicasc.com\/?page_id=5245"},"modified":"2025-03-19T02:24:11","modified_gmt":"2025-03-19T02:24:11","slug":"rehabilitacion-industrial","status":"publish","type":"page","link":"https:\/\/laclinicasc.com\/es\/industrial-rehabilitation\/","title":{"rendered":"Rehabilitaci\u00f3n Industrial"},"content":{"rendered":"<div class=\"qodef-content-grid\"><div class=\"vc_row wpb_row vc_row-fluid vc_custom_1617636167649 vc_column-gap-30\"><div class=\"wpb_column vc_column_container vc_col-sm-6\"><div class=\"vc_column-inner vc_custom_1616775108441\"><div class=\"wpb_wrapper\"><div class=\"qodef-shortcode qodef-m em-title-after qodef-section-title qodef-alignment--left\">\n\t\t\t<div class=\"qodef-m-tagline\" style=\"margin-bottom: 3px;color: #db7e30\">\n\t\tPodemos ayudar  a diagnosticar y recomendarle el tratamiento adecuado\t<\/div>\n\t\t<h2 class=\"qodef-m-title\" >\n\t\t\t\t\tRehabilitaci\u00f3n Industrial\t\t\t<\/h2>\n\t<\/div><div class=\"vc_empty_space\"   style=\"height: 60px\"><span class=\"vc_empty_space_inner\"><\/span><\/div>\n\t<div class=\"wpb_text_column wpb_content_element  vc_custom_1699949157896\" >\n\t\t<div class=\"wpb_wrapper\">\n\t\t\t<p><span style=\"font-weight: 400;\">El programa de rehabilitaci\u00f3n industrial de La Cl\u00ednica ofrece servicios integrales de rehabilitaci\u00f3n para ayudar a sus empleados a regresar al trabajo de manera segura y eficiente.<\/span><\/p>\n\n\t\t<\/div>\n\t<\/div>\n<\/div><\/div><\/div><div class=\"wpb_column vc_column_container vc_col-sm-6\"><div class=\"vc_column-inner vc_custom_1616512824880\"><div class=\"wpb_wrapper\">\n\t<div  class=\"wpb_single_image wpb_content_element vc_align_left\">\n\t\t\n\t\t<figure class=\"wpb_wrapper vc_figure\">\n\t\t\t<div class=\"vc_single_image-wrapper   vc_box_border_grey\"><img loading=\"lazy\" decoding=\"async\" width=\"793\" height=\"526\" src=\"https:\/\/laclinicasc.com\/wp-content\/uploads\/2023\/11\/Rehabilitation.png\" class=\"vc_single_image-img attachment-full\" alt=\"Un fisioterapeuta tratando a un paciente.\" srcset=\"https:\/\/laclinicasc.com\/wp-content\/uploads\/2023\/11\/Rehabilitation.png 793w, https:\/\/laclinicasc.com\/wp-content\/uploads\/2023\/11\/Rehabilitation-300x199.png 300w, https:\/\/laclinicasc.com\/wp-content\/uploads\/2023\/11\/Rehabilitation-768x509.png 768w, https:\/\/laclinicasc.com\/wp-content\/uploads\/2023\/11\/Rehabilitation-18x12.png 18w\" sizes=\"auto, (max-width: 793px) 100vw, 793px\" \/><\/div>\n\t\t<\/figure>\n\t<\/div>\n<\/div><\/div><\/div><\/div><\/div><div class=\"vc_row wpb_row vc_row-fluid vc_custom_1699942093594\"><div class=\"wpb_column vc_column_container vc_col-sm-12\"><div class=\"vc_column-inner\"><div class=\"wpb_wrapper\">\n\t<div class=\"wpb_text_column wpb_content_element  vc_custom_1699949183546\" >\n\t\t<div class=\"wpb_wrapper\">\n\t\t\t<h2><b>\u00bfQu\u00e9 es la Rehabilitaci\u00f3n Industrial?<\/b><\/h2>\n<p><span style=\"font-weight: 400;\">El programa de rehabilitaci\u00f3n industrial de La Cl\u00ednica ha sido dise\u00f1ado para ayudar a sus empleados con lesiones o enfermedades relacionadas con el trabajo en su regreso al trabajo. El programa de La Cl\u00ednica se enfoca en restaurar la funci\u00f3n f\u00edsica, mejorar las habilidades relacionadas con el trabajo y garantizar que los empleados puedan realizar sus tareas de manera segura.<\/span><\/p>\n<h2><b>Servicios Especializados de Rehabilitaci\u00f3n Industrial<\/b><\/h2>\n<p><span style=\"font-weight: 400;\">El programa de rehabilitaci\u00f3n industrial de La Cl\u00ednica ofrece diversos servicios especializados para mejorar la salud, la seguridad y la productividad de su fuerza laboral. Descubra lo que puede esperar de este programa:<\/span><\/p>\n<h3><b>Evaluaci\u00f3n Integral del Trabajo<\/b><\/h3>\n<p><span style=\"font-weight: 400;\">Nuestro programa siempre comienza con una evaluaci\u00f3n exhaustiva de las necesidades laborales y las capacidades f\u00edsicas de su empleado lesionado. Nuestro equipo de expertos evaluar\u00e1 las tareas y requisitos laborales para dise\u00f1ar un plan de rehabilitaci\u00f3n personalizado que garantice un regreso al trabajo seguro y efectivo.<\/span><\/p>\n<h3><b>Plan de tratamiento personalizado<\/b><\/h3>\n<p><span style=\"font-weight: 400;\">Seg\u00fan la evaluaci\u00f3n, cuente con el experimentado especialista en atenci\u00f3n de lesiones de La Cl\u00ednica para crear un plan de tratamiento personalizado. Cada plan se centra en abordar lesiones laborales espec\u00edficas y mejorar la capacidad funcional y puede incluir una combinaci\u00f3n de terapias, ejercicios espec\u00edficos del trabajo y capacitaci\u00f3n en seguridad.<\/span><\/p>\n<h3><b>Simulaci\u00f3n y acondicionamiento laboral<\/b><\/h3>\n<p><span style=\"font-weight: 400;\">Tambi\u00e9n incorporamos ejercicios de simulaci\u00f3n y acondicionamiento laboral para garantizar que sus empleados est\u00e9n completamente preparados para regresar a sus tareas laborales. Estos ejercicios imitan tareas del mundo real y ayudan a los empleados a recuperar habilidades y capacidades f\u00edsicas espec\u00edficas del trabajo.<\/span><\/p>\n<h2><b>Condiciones tratadas<\/b><\/h2>\n<p><span style=\"font-weight: 400;\">El programa de rehabilitaci\u00f3n industrial de La Cl\u00ednica se puede utilizar para abordar:<\/span><\/p>\n<ul>\n<li style=\"font-weight: 400;\" aria-level=\"1\"><span style=\"font-weight: 400;\">Lesiones musculoesquel\u00e9ticas<\/span><\/li>\n<li style=\"font-weight: 400;\" aria-level=\"1\"><span style=\"font-weight: 400;\">Condiciones de espalda y columna<\/span><\/li>\n<li style=\"font-weight: 400;\" aria-level=\"1\"><span style=\"font-weight: 400;\">Lesiones por esfuerzo repetitivo<\/span><\/li>\n<li style=\"font-weight: 400;\" aria-level=\"1\"><span style=\"font-weight: 400;\">Accidentes Laborales<\/span><\/li>\n<li style=\"font-weight: 400;\" aria-level=\"1\"><span style=\"font-weight: 400;\">Rehabilitaci\u00f3n posquir\u00fargica<\/span><\/li>\n<li style=\"font-weight: 400;\" aria-level=\"1\"><span style=\"font-weight: 400;\">Formaci\u00f3n en ergonom\u00eda y seguridad<\/span><\/li>\n<li style=\"font-weight: 400;\" aria-level=\"1\"><span style=\"font-weight: 400;\">Ex\u00e1menes de colocaci\u00f3n laboral previos y posteriores a la oferta<\/span><\/li>\n<li style=\"font-weight: 400;\" aria-level=\"1\"><span style=\"font-weight: 400;\">Evaluaciones de idoneidad para el servicio<\/span><\/li>\n<li style=\"font-weight: 400;\" aria-level=\"1\"><span style=\"font-weight: 400;\">Fisioterapia aguda<\/span><\/li>\n<\/ul>\n<p><span style=\"font-weight: 400;\">En La Cl\u00ednica, hemos adoptado un enfoque integral de rehabilitaci\u00f3n industrial para garantizar que su fuerza laboral reciba la atenci\u00f3n y el apoyo que necesitan para recuperarse de lesiones relacionadas con el trabajo y reanudar sus funciones. Una fuerza laboral saludable contribuye a un lugar de trabajo m\u00e1s saludable y productivo.<\/span><\/p>\n\n\t\t<\/div>\n\t<\/div>\n<\/div><\/div><\/div><\/div><div data-vc-full-width=\"true\" data-vc-full-width-init=\"false\" data-vc-stretch-content=\"true\" class=\"vc_row wpb_row vc_row-fluid vc_custom_1641022849279 vc_row-has-fill vc_row-o-equal-height vc_row-o-content-middle vc_row-flex\"><div class=\"wpb_column vc_column_container vc_col-sm-12 vc_col-lg-6 vc_col-md-12 vc_col-xs-12 vc_col-has-fill\"><div class=\"vc_column-inner vc_custom_1699950495913\"><div class=\"wpb_wrapper\"><\/div><\/div><\/div><div class=\"wpb_column vc_column_container vc_col-sm-12 vc_col-lg-6 vc_col-md-12 vc_col-xs-12\"><div class=\"vc_column-inner vc_custom_1621861662621\"><div class=\"wpb_wrapper\"><div class=\"qodef-shortcode qodef-m Locations Offering Industrial Rehabilitation qodef-section-title qodef-alignment--left\">\n\t\t\t<div class=\"qodef-m-tagline\" style=\"color: #db7e30\">\n\t\tDescubre mas\t<\/div>\n\t\t<h2 class=\"qodef-m-title\" >\n\t\t\t\t\tUbicaciones que ofrecen rehabilitaci\u00f3n industrial\t\t\t<\/h2>\n\t<\/div><div class=\"vc_empty_space\"   style=\"height: 32px\"><span class=\"vc_empty_space_inner\"><\/span><\/div>\n\t<div class=\"wpb_text_column wpb_content_element  vc_custom_1699949222672\" >\n\t\t<div class=\"wpb_wrapper\">\n\t\t\t<p><span style=\"font-weight: 400;\">Brindamos servicios de rehabilitaci\u00f3n industrial en las siguientes ubicaciones de La Cl\u00ednica:<\/span><\/p>\n<ul>\n<li style=\"font-weight: 400;\" aria-level=\"1\"><span style=\"font-weight: 400;\">La Cl\u00ednica C\u00edcero<\/span><\/li>\n<li style=\"font-weight: 400;\" aria-level=\"1\"><span style=\"font-weight: 400;\">La Cl\u00ednica Chicago Sur<\/span><\/li>\n<li style=\"font-weight: 400;\" aria-level=\"1\"><span style=\"font-weight: 400;\">La Cl\u00ednica La Villita<\/span><\/li>\n<li style=\"font-weight: 400;\" aria-level=\"1\"><span style=\"font-weight: 400;\">La Cl\u00ednica Isla Azul<\/span><\/li>\n<li style=\"font-weight: 400;\" aria-level=\"1\"><span style=\"font-weight: 400;\">La Cl\u00ednica Chicago Norte<\/span><\/li>\n<li style=\"font-weight: 400;\" aria-level=\"1\"><span style=\"font-weight: 400;\">La Cl\u00ednica Waukegan<\/span><\/li>\n<li style=\"font-weight: 400;\" aria-level=\"1\"><span style=\"font-weight: 400;\">La Cl\u00ednica Melrose Park<\/span><\/li>\n<li style=\"font-weight: 400;\" aria-level=\"1\"><span style=\"font-weight: 400;\">La Cl\u00ednica Aurora<\/span><\/li>\n<li style=\"font-weight: 400;\" aria-level=\"1\"><span style=\"font-weight: 400;\">La Cl\u00ednica Elgin<\/span><\/li>\n<\/ul>\n<p><span style=\"font-weight: 400;\">Comun\u00edquese con la ubicaci\u00f3n de La Cl\u00ednica m\u00e1s cercana para programar una consulta y apoyar la recuperaci\u00f3n y el regreso al trabajo de sus empleados.<\/span><\/p>\n\n\t\t<\/div>\n\t<\/div>\n<\/div><\/div><\/div><\/div><div class=\"vc_row-full-width vc_clearfix\"><\/div><div data-vc-full-width=\"true\" data-vc-full-width-init=\"false\" class=\"vc_row wpb_row vc_row-fluid vc_custom_1671133825910 vc_row-has-fill qodef-content-alignment-center\"><div class=\"wpb_column vc_column_container vc_col-sm-12\"><div class=\"vc_column-inner\"><div class=\"wpb_wrapper\">\n\t<div class=\"wpb_text_column wpb_content_element\" >\n\t\t<div class=\"wpb_wrapper\">\n\t\t\t<h2 style=\"text-align: center;\"><b>Empodere a su fuerza laboral con el programa de rehabilitaci\u00f3n industrial de La Cl\u00ednica hoy<\/b><\/h2>\n<p style=\"text-align: center;\"><span style=\"font-weight: 400;\">Comun\u00edquese con La Cl\u00ednica hoy para programar una consulta y dar el primer paso para empoderar a su fuerza laboral a trav\u00e9s de nuestro programa experto de rehabilitaci\u00f3n industrial.<\/span><\/p>\n\n\t\t<\/div>\n\t<\/div>\n\n\t<div class=\"wpb_text_column wpb_content_element\" >\n\t\t<div class=\"wpb_wrapper\">\n\t\t\t<p style=\"text-align: center;\">\u00bfTiene m\u00e1s preguntas? Llame al (773) 763-2800 o use el formulario en esta p\u00e1gina para reservar su cita hoy.<\/p>\n\n\t\t<\/div>\n\t<\/div>\n<div class=\"qodef-shortcode qodef-m  qodef-section-title qodef-alignment--center\">\n\t\t\t\t<h2 class=\"qodef-m-title\" >\n\t\t\t\t\tReserve su Consulta Gratuita\t\t\t<\/h2>\n\t<\/div><div class=\"vc_empty_space\"   style=\"height: 30px\"><span class=\"vc_empty_space_inner\"><\/span><\/div><a class=\"qodef-shortcode qodef-m em-button-centar qodef-button qodef-layout--filled  qodef-html--link\" href=\"#wp_popup_2487427\" target=\"_self\" data-hover-color=\"#da7d2e\" data-hover-background-color=\"transparent\" data-hover-border-color=\"#da7d2e\" style=\"color: #ffffff;background-color: #da7d2e;border-color: #da7d2e\">\n\t<span class=\"qodef-m-text\">Consulta Gratuita<\/span>\n<\/a><\/div><\/div><\/div><\/div><div class=\"vc_row-full-width vc_clearfix\"><\/div>","protected":false},"excerpt":{"rendered":"We can help with diagnosis &amp; Treatment Industrial Rehabilitation La Clinica\u2019s industrial rehabilitation program offers comprehensive rehabilitation services to help your employees return to work safely and efficiently. What is Industrial Rehabilitation? La Clinica's industrial rehabilitation program has been designed to assist your employees with work-related injuries or illnesses in their return to work. La [...]","protected":false},"author":5,"featured_media":0,"parent":0,"menu_order":0,"comment_status":"closed","ping_status":"closed","template":"","meta":{"content-type":"","footnotes":""},"class_list":["post-5245","page","type-page","status-publish","hentry"],"yoast_head":"<!-- This site is optimized with the Yoast SEO plugin v27.0 - https:\/\/yoast.com\/product\/yoast-seo-wordpress\/ -->\n<title>Industrial Rehab in Chicago | Workplace Recovery - La Clinica S.C.<\/title>\n<meta name=\"description\" content=\"Improve workplace recovery with industrial rehab at La Clinica S.C. in Chicago. We help injured workers regain strength and return to work.\" \/>\n<meta name=\"robots\" content=\"index, follow, max-snippet:-1, max-image-preview:large, max-video-preview:-1\" \/>\n<link rel=\"canonical\" href=\"https:\/\/laclinicasc.com\/es\/rehabilitacion-industrial\/\" \/>\n<meta property=\"og:locale\" content=\"es_MX\" \/>\n<meta property=\"og:type\" content=\"article\" \/>\n<meta property=\"og:title\" content=\"Industrial Rehab in Chicago | Workplace Recovery - La Clinica S.C.\" \/>\n<meta property=\"og:description\" content=\"Improve workplace recovery with industrial rehab at La Clinica S.C. in Chicago. We help injured workers regain strength and return to work.\" \/>\n<meta property=\"og:url\" content=\"https:\/\/laclinicasc.com\/es\/rehabilitacion-industrial\/\" \/>\n<meta property=\"og:site_name\" content=\"La Clinica\" \/>\n<meta property=\"article:modified_time\" content=\"2025-03-19T02:24:11+00:00\" \/>\n<meta name=\"twitter:card\" content=\"summary_large_image\" \/>\n<meta name=\"twitter:label1\" content=\"Tiempo de lectura\" \/>\n\t<meta name=\"twitter:data1\" content=\"5 minutos\" \/>\n<script type=\"application\/ld+json\" class=\"yoast-schema-graph\">{\"@context\":\"https:\/\/schema.org\",\"@graph\":[{\"@type\":\"WebPage\",\"@id\":\"https:\/\/laclinicasc.com\/es\/rehabilitacion-industrial\/\",\"url\":\"https:\/\/laclinicasc.com\/es\/rehabilitacion-industrial\/\",\"name\":\"Industrial Rehab in Chicago | Workplace Recovery - La Clinica S.C.\",\"isPartOf\":{\"@id\":\"https:\/\/laclinicasc.com\/es\/#website\"},\"datePublished\":\"2023-11-14T08:28:44+00:00\",\"dateModified\":\"2025-03-19T02:24:11+00:00\",\"description\":\"Improve workplace recovery with industrial rehab at La Clinica S.C. in Chicago. We help injured workers regain strength and return to work.\",\"breadcrumb\":{\"@id\":\"https:\/\/laclinicasc.com\/es\/rehabilitacion-industrial\/#breadcrumb\"},\"inLanguage\":\"es\",\"potentialAction\":[{\"@type\":\"ReadAction\",\"target\":[\"https:\/\/laclinicasc.com\/es\/rehabilitacion-industrial\/\"]}]},{\"@type\":\"BreadcrumbList\",\"@id\":\"https:\/\/laclinicasc.com\/es\/rehabilitacion-industrial\/#breadcrumb\",\"itemListElement\":[{\"@type\":\"ListItem\",\"position\":1,\"name\":\"Home\",\"item\":\"https:\/\/laclinicasc.com\/es\/\"},{\"@type\":\"ListItem\",\"position\":2,\"name\":\"Industrial Rehabilitation\"}]},{\"@type\":\"WebSite\",\"@id\":\"https:\/\/laclinicasc.com\/es\/#website\",\"url\":\"https:\/\/laclinicasc.com\/es\/\",\"name\":\"La Clinica\",\"description\":\"Personal Injury Care Center in Chicago\",\"publisher\":{\"@id\":\"https:\/\/laclinicasc.com\/es\/#organization\"},\"potentialAction\":[{\"@type\":\"SearchAction\",\"target\":{\"@type\":\"EntryPoint\",\"urlTemplate\":\"https:\/\/laclinicasc.com\/es\/?s={search_term_string}\"},\"query-input\":{\"@type\":\"PropertyValueSpecification\",\"valueRequired\":true,\"valueName\":\"search_term_string\"}}],\"inLanguage\":\"es\"},{\"@type\":\"Organization\",\"@id\":\"https:\/\/laclinicasc.com\/es\/#organization\",\"name\":\"La Clinica\",\"url\":\"https:\/\/laclinicasc.com\/es\/\",\"logo\":{\"@type\":\"ImageObject\",\"inLanguage\":\"es\",\"@id\":\"https:\/\/laclinicasc.com\/es\/#\/schema\/logo\/image\/\",\"url\":\"https:\/\/coral-eel-948463.hostingersite.com\/wp-content\/uploads\/2021\/03\/La-Clinica-Transparent-Color-Logo.png\",\"contentUrl\":\"https:\/\/coral-eel-948463.hostingersite.com\/wp-content\/uploads\/2021\/03\/La-Clinica-Transparent-Color-Logo.png\",\"width\":215,\"height\":125,\"caption\":\"La Clinica\"},\"image\":{\"@id\":\"https:\/\/laclinicasc.com\/es\/#\/schema\/logo\/image\/\"}}]}<\/script>\n<!-- \/ Yoast SEO plugin. -->","yoast_head_json":{"title":"Rehabilitaci\u00f3n Industrial En Chicago Para Lesiones Laborales","description":"Mejore su recuperaci\u00f3n laboral con la rehabilitaci\u00f3n industrial en La Cl\u00ednica SC de Chicago. Ayudamos a los trabajadores lesionados a recuperar sus fuerzas y a reincorporarse al trabajo.","robots":{"index":"index","follow":"follow","max-snippet":"max-snippet:-1","max-image-preview":"max-image-preview:large","max-video-preview":"max-video-preview:-1"},"canonical":"https:\/\/laclinicasc.com\/es\/rehabilitacion-industrial\/","og_locale":"es_MX","og_type":"article","og_title":"Industrial Rehab in Chicago | Workplace Recovery - La Clinica S.C.","og_description":"Improve workplace recovery with industrial rehab at La Clinica S.C. in Chicago. We help injured workers regain strength and return to work.","og_url":"https:\/\/laclinicasc.com\/es\/rehabilitacion-industrial\/","og_site_name":"La Clinica","article_modified_time":"2025-03-19T02:24:11+00:00","twitter_card":"summary_large_image","twitter_misc":{"Tiempo de lectura":"5 minutos"},"schema":{"@context":"https:\/\/schema.org","@graph":[{"@type":"WebPage","@id":"https:\/\/laclinicasc.com\/es\/rehabilitacion-industrial\/","url":"https:\/\/laclinicasc.com\/es\/rehabilitacion-industrial\/","name":"Rehabilitaci\u00f3n Industrial En Chicago Para Lesiones Laborales","isPartOf":{"@id":"https:\/\/laclinicasc.com\/es\/#website"},"datePublished":"2023-11-14T08:28:44+00:00","dateModified":"2025-03-19T02:24:11+00:00","description":"Mejore su recuperaci\u00f3n laboral con la rehabilitaci\u00f3n industrial en La Cl\u00ednica SC de Chicago. Ayudamos a los trabajadores lesionados a recuperar sus fuerzas y a reincorporarse al trabajo.","breadcrumb":{"@id":"https:\/\/laclinicasc.com\/es\/rehabilitacion-industrial\/#breadcrumb"},"inLanguage":"es","potentialAction":[{"@type":"ReadAction","target":["https:\/\/laclinicasc.com\/es\/rehabilitacion-industrial\/"]}]},{"@type":"BreadcrumbList","@id":"https:\/\/laclinicasc.com\/es\/rehabilitacion-industrial\/#breadcrumb","itemListElement":[{"@type":"ListItem","position":1,"name":"Home","item":"https:\/\/laclinicasc.com\/es\/"},{"@type":"ListItem","position":2,"name":"Industrial Rehabilitation"}]},{"@type":"WebSite","@id":"https:\/\/laclinicasc.com\/es\/#website","url":"https:\/\/laclinicasc.com\/es\/","name":"La Clinica,","description":"Centro de Atenci\u00f3n de Lesiones Personales en Chicago","publisher":{"@id":"https:\/\/laclinicasc.com\/es\/#organization"},"potentialAction":[{"@type":"SearchAction","target":{"@type":"EntryPoint","urlTemplate":"https:\/\/laclinicasc.com\/es\/?s={search_term_string}"},"query-input":{"@type":"PropertyValueSpecification","valueRequired":true,"valueName":"search_term_string"}}],"inLanguage":"es"},{"@type":"Organization","@id":"https:\/\/laclinicasc.com\/es\/#organization","name":"La Clinica,","url":"https:\/\/laclinicasc.com\/es\/","logo":{"@type":"ImageObject","inLanguage":"es","@id":"https:\/\/laclinicasc.com\/es\/#\/schema\/logo\/image\/","url":"https:\/\/coral-eel-948463.hostingersite.com\/wp-content\/uploads\/2021\/03\/La-Clinica-Transparent-Color-Logo.png","contentUrl":"https:\/\/coral-eel-948463.hostingersite.com\/wp-content\/uploads\/2021\/03\/La-Clinica-Transparent-Color-Logo.png","width":215,"height":125,"caption":"La Clinica"},"image":{"@id":"https:\/\/laclinicasc.com\/es\/#\/schema\/logo\/image\/"}}]}},"_links":{"self":[{"href":"https:\/\/laclinicasc.com\/es\/wp-json\/wp\/v2\/pages\/5245","targetHints":{"allow":["GET"]}}],"collection":[{"href":"https:\/\/laclinicasc.com\/es\/wp-json\/wp\/v2\/pages"}],"about":[{"href":"https:\/\/laclinicasc.com\/es\/wp-json\/wp\/v2\/types\/page"}],"author":[{"embeddable":true,"href":"https:\/\/laclinicasc.com\/es\/wp-json\/wp\/v2\/users\/5"}],"replies":[{"embeddable":true,"href":"https:\/\/laclinicasc.com\/es\/wp-json\/wp\/v2\/comments?post=5245"}],"version-history":[{"count":5,"href":"https:\/\/laclinicasc.com\/es\/wp-json\/wp\/v2\/pages\/5245\/revisions"}],"predecessor-version":[{"id":5252,"href":"https:\/\/laclinicasc.com\/es\/wp-json\/wp\/v2\/pages\/5245\/revisions\/5252"}],"wp:attachment":[{"href":"https:\/\/laclinicasc.com\/es\/wp-json\/wp\/v2\/media?parent=5245"}],"curies":[{"name":"Gracias","href":"https:\/\/api.w.org\/{rel}","templated":true}]}}