{"id":5173,"date":"2023-11-02T15:05:51","date_gmt":"2023-11-02T15:05:51","guid":{"rendered":"https:\/\/laclinicasc.com\/?page_id=5173"},"modified":"2025-03-19T02:20:09","modified_gmt":"2025-03-19T02:20:09","slug":"tratamiento-del-dolor-cronico","status":"publish","type":"page","link":"https:\/\/laclinicasc.com\/es\/chronic-pain-treatment\/","title":{"rendered":"Tratamiento del dolor cr\u00f3nico"},"content":{"rendered":"<div class=\"qodef-content-grid\"><div class=\"vc_row wpb_row vc_row-fluid vc_custom_1617636167649 vc_column-gap-30\"><div class=\"wpb_column vc_column_container vc_col-sm-6\"><div class=\"vc_column-inner vc_custom_1616775108441\"><div class=\"wpb_wrapper\"><div class=\"qodef-shortcode qodef-m em-title-after qodef-section-title qodef-alignment--left\">\n\t\t\t<div class=\"qodef-m-tagline\" style=\"margin-bottom: 3px;color: #db7e30\">\n\t\tPodemos ayudar  a diagnosticar y recomendarle el tratamiento adecuado\t<\/div>\n\t\t<h2 class=\"qodef-m-title\" >\n\t\t\t\t\tTratamiento del dolor cr\u00f3nico\t\t\t<\/h2>\n\t<\/div><div class=\"vc_empty_space\"   style=\"height: 60px\"><span class=\"vc_empty_space_inner\"><\/span><\/div>\n\t<div class=\"wpb_text_column wpb_content_element  vc_custom_1698936170563\" >\n\t\t<div class=\"wpb_wrapper\">\n\t\t\t<p><span style=\"font-weight: 400;\">No dejes que el dolor cr\u00f3nico te desanime. Visite La Cl\u00ednica hoy para ver a uno de nuestros especialistas certificados y comenzar su viaje hacia una vida plena y sin dolor.<\/span><\/p>\n\n\t\t<\/div>\n\t<\/div>\n<\/div><\/div><\/div><div class=\"wpb_column vc_column_container vc_col-sm-6\"><div class=\"vc_column-inner vc_custom_1616512824880\"><div class=\"wpb_wrapper\">\n\t<div  class=\"wpb_single_image wpb_content_element vc_align_left\">\n\t\t\n\t\t<figure class=\"wpb_wrapper vc_figure\">\n\t\t\t<div class=\"vc_single_image-wrapper   vc_box_border_grey\"><img loading=\"lazy\" decoding=\"async\" width=\"2560\" height=\"1707\" src=\"https:\/\/laclinicasc.com\/wp-content\/uploads\/2023\/11\/knee-pain-scaled.jpg\" class=\"vc_single_image-img attachment-full\" alt=\"Mujer sosteniendo la rodilla con dolor\" srcset=\"https:\/\/laclinicasc.com\/wp-content\/uploads\/2023\/11\/knee-pain-scaled.jpg 2560w, https:\/\/laclinicasc.com\/wp-content\/uploads\/2023\/11\/knee-pain-300x200.jpg 300w, https:\/\/laclinicasc.com\/wp-content\/uploads\/2023\/11\/knee-pain-1024x683.jpg 1024w, https:\/\/laclinicasc.com\/wp-content\/uploads\/2023\/11\/knee-pain-768x512.jpg 768w, https:\/\/laclinicasc.com\/wp-content\/uploads\/2023\/11\/knee-pain-1536x1024.jpg 1536w, https:\/\/laclinicasc.com\/wp-content\/uploads\/2023\/11\/knee-pain-2048x1365.jpg 2048w, https:\/\/laclinicasc.com\/wp-content\/uploads\/2023\/11\/knee-pain-18x12.jpg 18w\" sizes=\"auto, (max-width: 2560px) 100vw, 2560px\" \/><\/div>\n\t\t<\/figure>\n\t<\/div>\n<\/div><\/div><\/div><div class=\"wpb_column vc_column_container vc_col-sm-12\"><div class=\"vc_column-inner\"><div class=\"wpb_wrapper\">\n\t<div class=\"wpb_text_column wpb_content_element  vc_custom_1698936930046\" >\n\t\t<div class=\"wpb_wrapper\">\n\t\t\t<h2><b>\u00bfQu\u00e9 es el dolor cr\u00f3nico?<\/b><\/h2>\n<p><span style=\"font-weight: 400;\">El dolor cr\u00f3nico es una molestia constante que dura semanas o incluso a\u00f1os. A menudo es el resultado de diversas afecciones, problemas de salud o lesiones. El dolor cr\u00f3nico puede ser dif\u00edcil de manejar sin atenci\u00f3n especializada, a diferencia del dolor agudo.<\/span><\/p>\n<h2><b>\u00bfC\u00f3mo puede ayudar La Cl\u00ednica?<\/b><\/h2>\n<p><span style=\"font-weight: 400;\">La Cl\u00ednica entiende que el dolor cr\u00f3nico es diferente de un paciente a otro. Nuestro programa de manejo del dolor cr\u00f3nico est\u00e1 dise\u00f1ado para satisfacer sus necesidades. Esto es lo que puede esperar de La Cl\u00ednica:<\/span><\/p>\n<h3><b>Evaluaci\u00f3n comprensiva<\/b><\/h3>\n<p><span style=\"font-weight: 400;\">Su viaje hacia un alivio eficaz del dolor comenzar\u00e1 con una evaluaci\u00f3n exhaustiva realizada por nuestro experimentado equipo multidisciplinario. Espere que se tomen su tiempo para comprender la naturaleza y la causa de su dolor cr\u00f3nico. Nuestros especialistas certificados en atenci\u00f3n de lesiones evaluar\u00e1n su salud y otros factores contribuyentes.<\/span><\/p>\n<h3><b>Plan de tratamiento personalizado<\/b><\/h3>\n<p><span style=\"font-weight: 400;\">El dedicado equipo de La Cl\u00ednica dise\u00f1ar\u00e1 un plan de tratamiento personalizado basado en su evaluaci\u00f3n. El equipo multidisciplinario de La Cl\u00ednica colaborar\u00e1 para desarrollar una estrategia que incluya diversas terapias e intervenciones para ayudarlo a controlar y superar su dolor cr\u00f3nico. \u00c9stas incluyen:<\/span><\/p>\n<ul>\n<li style=\"font-weight: 400;\" aria-level=\"1\"><span style=\"font-weight: 400;\">La terapia f\u00edsica<\/span><\/li>\n<li style=\"font-weight: 400;\" aria-level=\"1\"><span style=\"font-weight: 400;\">T\u00e9cnicas de liberaci\u00f3n activa<\/span><\/li>\n<li style=\"font-weight: 400;\" aria-level=\"1\"><span style=\"font-weight: 400;\">Masaje<\/span><\/li>\n<li style=\"font-weight: 400;\" aria-level=\"1\"><span style=\"font-weight: 400;\">Movilizaci\u00f3n de tejidos blandos<\/span><\/li>\n<li style=\"font-weight: 400;\" aria-level=\"1\"><span style=\"font-weight: 400;\">Ejercicios<\/span><\/li>\n<li style=\"font-weight: 400;\" aria-level=\"1\"><span style=\"font-weight: 400;\">Terapia manual<\/span><\/li>\n<li style=\"font-weight: 400;\" aria-level=\"1\"><span style=\"font-weight: 400;\">Educaci\u00f3n del paciente<\/span><\/li>\n<\/ul>\n<h3><b>Enfoque hol\u00edstico<\/b><\/h3>\n<p><span style=\"font-weight: 400;\">La Cl\u00ednica se enorgullece de adoptar un enfoque hol\u00edstico para el manejo del dolor cr\u00f3nico. Nuestro equipo aborda no s\u00f3lo los aspectos f\u00edsicos. Cuente con el especialista en lesiones de La Cl\u00ednica para que tambi\u00e9n se concentre en los factores emocionales y psicol\u00f3gicos que contribuyen a su dolor. Nuestro objetivo es mejorar su calidad de vida en general.<\/span><\/p>\n<h3><b>Condiciones tratadas<\/b><\/h3>\n<p><span style=\"font-weight: 400;\">Nuestro programa de manejo del dolor cr\u00f3nico aborda diversas afecciones de dolor cr\u00f3nico. Algunas de estas condiciones incluyen:<\/span><\/p>\n<ul>\n<li style=\"font-weight: 400;\" aria-level=\"1\"><span style=\"font-weight: 400;\">dolores nerviosos<\/span><\/li>\n<li style=\"font-weight: 400;\" aria-level=\"1\"><span style=\"font-weight: 400;\">Dolor de artritis<\/span><\/li>\n<li style=\"font-weight: 400;\" aria-level=\"1\"><span style=\"font-weight: 400;\">Dolor de espalda<\/span><\/li>\n<li style=\"font-weight: 400;\" aria-level=\"1\"><span style=\"font-weight: 400;\">Dolor de cuello<\/span><\/li>\n<li style=\"font-weight: 400;\" aria-level=\"1\"><span style=\"font-weight: 400;\">fibromialgia<\/span><\/li>\n<li style=\"font-weight: 400;\" aria-level=\"1\"><span style=\"font-weight: 400;\">S\u00edndrome de dolor regional complejo<\/span><\/li>\n<li style=\"font-weight: 400;\" aria-level=\"1\"><span style=\"font-weight: 400;\">Osteoartritis<\/span><\/li>\n<li style=\"font-weight: 400;\" aria-level=\"1\"><span style=\"font-weight: 400;\">Artritis Reumatoide<\/span><\/li>\n<li style=\"font-weight: 400;\" aria-level=\"1\"><span style=\"font-weight: 400;\">Dolor posquir\u00fargico<\/span><\/li>\n<li style=\"font-weight: 400;\" aria-level=\"1\"><span style=\"font-weight: 400;\">Dolor de Rodilla<\/span><\/li>\n<li style=\"font-weight: 400;\" aria-level=\"1\"><span style=\"font-weight: 400;\">Dolor cr\u00f3nico de origen desconocido.<\/span><\/li>\n<\/ul>\n\n\t\t<\/div>\n\t<\/div>\n<\/div><\/div><\/div><\/div><\/div><div data-vc-full-width=\"true\" data-vc-full-width-init=\"false\" data-vc-stretch-content=\"true\" class=\"vc_row wpb_row vc_row-fluid vc_custom_1641022849279 vc_row-has-fill vc_row-o-equal-height vc_row-o-content-middle vc_row-flex\"><div class=\"wpb_column vc_column_container vc_col-sm-12 vc_col-lg-6 vc_col-md-12 vc_col-xs-12 vc_col-has-fill\"><div class=\"vc_column-inner vc_custom_1698937423570\"><div class=\"wpb_wrapper\"><\/div><\/div><\/div><div class=\"wpb_column vc_column_container vc_col-sm-12 vc_col-lg-6 vc_col-md-12 vc_col-xs-12\"><div class=\"vc_column-inner vc_custom_1621861662621\"><div class=\"wpb_wrapper\"><div class=\"qodef-shortcode qodef-m In Chicago, Head and Neck Pain Are All-Too-Common qodef-section-title qodef-alignment--left\">\n\t\t\t<div class=\"qodef-m-tagline\" style=\"color: #db7e30\">\n\t\tDescubre mas\t<\/div>\n\t\t<h2 class=\"qodef-m-title\" >\n\t\t\t\t\tUbicaciones que ofrecen tratamiento del dolor cr\u00f3nico\t\t\t<\/h2>\n\t<\/div><div class=\"vc_empty_space\"   style=\"height: 32px\"><span class=\"vc_empty_space_inner\"><\/span><\/div>\n\t<div class=\"wpb_text_column wpb_content_element  vc_custom_1698936390901\" >\n\t\t<div class=\"wpb_wrapper\">\n\t\t\t<p><span style=\"font-weight: 400;\">Ofrecemos servicios de manejo del dolor cr\u00f3nico en las siguientes cl\u00ednicas de La Cl\u00ednica.<\/span><\/p>\n<ul>\n<li style=\"font-weight: 400;\" aria-level=\"1\"><span style=\"font-weight: 400;\">Lado Sur De Chicago<\/span><\/li>\n<li style=\"font-weight: 400;\" aria-level=\"1\"><span style=\"font-weight: 400;\">Lado Norte De Chicago<\/span><\/li>\n<li style=\"font-weight: 400;\" aria-level=\"1\"><span style=\"font-weight: 400;\">Cicer\u00f3n<\/span><\/li>\n<li style=\"font-weight: 400;\" aria-level=\"1\"><span style=\"font-weight: 400;\">Waukegan<\/span><\/li>\n<li style=\"font-weight: 400;\" aria-level=\"1\"><span style=\"font-weight: 400;\">Peque\u00f1a villa<\/span><\/li>\n<li style=\"font-weight: 400;\" aria-level=\"1\"><span style=\"font-weight: 400;\">Parque Melrose<\/span><\/li>\n<li style=\"font-weight: 400;\" aria-level=\"1\"><span style=\"font-weight: 400;\">isla azul<\/span><\/li>\n<li style=\"font-weight: 400;\" aria-level=\"1\"><span style=\"font-weight: 400;\">Elgin<\/span><\/li>\n<li style=\"font-weight: 400;\" aria-level=\"1\"><span style=\"font-weight: 400;\">Aurora<\/span><\/li>\n<\/ul>\n<p><span style=\"font-weight: 400;\">Visite hoy la sucursal de La Cl\u00ednica m\u00e1s cercana para comenzar su viaje hacia una vida sin dolor.<\/span><\/p>\n\n\t\t<\/div>\n\t<\/div>\n<\/div><\/div><\/div><\/div><div class=\"vc_row-full-width vc_clearfix\"><\/div><div data-vc-full-width=\"true\" data-vc-full-width-init=\"false\" class=\"vc_row wpb_row vc_row-fluid vc_custom_1671133825910 vc_row-has-fill qodef-content-alignment-center\"><div class=\"wpb_column vc_column_container vc_col-sm-12\"><div class=\"vc_column-inner\"><div class=\"wpb_wrapper\">\n\t<div class=\"wpb_text_column wpb_content_element\" >\n\t\t<div class=\"wpb_wrapper\">\n\t\t\t<h2 style=\"text-align: center;\">Restaura tu funcionalidad y calidad de vida con La Clinica hoy<\/h2>\n<p style=\"text-align: center;\"><span style=\"font-weight: 400;\">No permita que el dolor cr\u00f3nico le impida realizar sus actividades diarias o sobresalir en sus actividades deportivas. Nuestro dedicado equipo de La Clinica est\u00e1 aqu\u00ed para ayudarlo a encontrar alivio, funcionalidad y movilidad.<\/span><\/p>\n<p style=\"text-align: center;\"><span style=\"font-weight: 400;\">Comun\u00edquese con La Cl\u00ednica hoy para programar su consulta y dar el primer paso hacia el manejo efectivo del dolor cr\u00f3nico.<\/span><\/p>\n\n\t\t<\/div>\n\t<\/div>\n\n\t<div class=\"wpb_text_column wpb_content_element\" >\n\t\t<div class=\"wpb_wrapper\">\n\t\t\t<p style=\"text-align: center;\">\u00bfTiene m\u00e1s preguntas? Llame al (773) 763-2800 o use el formulario en esta p\u00e1gina para reservar su cita hoy.<\/p>\n\n\t\t<\/div>\n\t<\/div>\n<div class=\"qodef-shortcode qodef-m  qodef-section-title qodef-alignment--center\">\n\t\t\t\t<h2 class=\"qodef-m-title\" >\n\t\t\t\t\tReserve su Consulta Gratuita\t\t\t<\/h2>\n\t<\/div><div class=\"vc_empty_space\"   style=\"height: 30px\"><span class=\"vc_empty_space_inner\"><\/span><\/div><a class=\"qodef-shortcode qodef-m em-button-centar qodef-button qodef-layout--filled  qodef-html--link\" href=\"#wp_popup_2487427\" target=\"_self\" data-hover-color=\"#da7d2e\" data-hover-background-color=\"transparent\" data-hover-border-color=\"#da7d2e\" style=\"color: #ffffff;background-color: #da7d2e;border-color: #da7d2e\">\n\t<span class=\"qodef-m-text\">Consulta Gratuita<\/span>\n<\/a><\/div><\/div><\/div><\/div><div class=\"vc_row-full-width vc_clearfix\"><\/div>","protected":false},"excerpt":{"rendered":"We can help with diagnosis &amp; Treatment Chronic Pain Treatment Don't let chronic pain put you down. Visit La Clinica today to see one of our certified specialists to start your journey to a fulfilling, pain-free life. What is Chronic Pain? Chronic pain is consistent discomfort that lasts weeks or even years. It often results [...]","protected":false},"author":5,"featured_media":5181,"parent":0,"menu_order":0,"comment_status":"closed","ping_status":"closed","template":"","meta":{"content-type":"","footnotes":""},"class_list":["post-5173","page","type-page","status-publish","has-post-thumbnail","hentry"],"yoast_head":"<!-- This site is optimized with the Yoast SEO plugin v27.0 - https:\/\/yoast.com\/product\/yoast-seo-wordpress\/ -->\n<title>Chronic Pain Treatment in Chicago | Lasting Relief - La Clinica S.C.<\/title>\n<meta name=\"description\" content=\"Struggling with chronic pain? La Clinica S.C. in Chicago offers expert treatments to help you regain comfort, mobility, and a pain-free life.\" \/>\n<meta name=\"robots\" content=\"index, follow, max-snippet:-1, max-image-preview:large, max-video-preview:-1\" \/>\n<link rel=\"canonical\" href=\"https:\/\/laclinicasc.com\/es\/tratamiento-del-dolor-cronico\/\" \/>\n<meta property=\"og:locale\" content=\"es_MX\" \/>\n<meta property=\"og:type\" content=\"article\" \/>\n<meta property=\"og:title\" content=\"Chronic Pain Treatment in Chicago | Lasting Relief - La Clinica S.C.\" \/>\n<meta property=\"og:description\" content=\"Struggling with chronic pain? La Clinica S.C. in Chicago offers expert treatments to help you regain comfort, mobility, and a pain-free life.\" \/>\n<meta property=\"og:url\" content=\"https:\/\/laclinicasc.com\/es\/tratamiento-del-dolor-cronico\/\" \/>\n<meta property=\"og:site_name\" content=\"La Clinica\" \/>\n<meta property=\"article:modified_time\" content=\"2025-03-19T02:20:09+00:00\" \/>\n<meta property=\"og:image\" content=\"https:\/\/laclinicasc.com\/wp-content\/uploads\/2023\/11\/arm-pain-scaled.jpg\" \/>\n\t<meta property=\"og:image:width\" content=\"2560\" \/>\n\t<meta property=\"og:image:height\" content=\"1708\" \/>\n\t<meta property=\"og:image:type\" content=\"image\/jpeg\" \/>\n<meta name=\"twitter:card\" content=\"summary_large_image\" \/>\n<meta name=\"twitter:label1\" content=\"Tiempo de lectura\" \/>\n\t<meta name=\"twitter:data1\" content=\"5 minutos\" \/>\n<script type=\"application\/ld+json\" class=\"yoast-schema-graph\">{\"@context\":\"https:\/\/schema.org\",\"@graph\":[{\"@type\":\"WebPage\",\"@id\":\"https:\/\/laclinicasc.com\/chronic-pain-treatment\/\",\"url\":\"https:\/\/laclinicasc.com\/chronic-pain-treatment\/\",\"name\":\"Chronic Pain Treatment in Chicago | Lasting Relief - La Clinica S.C.\",\"isPartOf\":{\"@id\":\"https:\/\/laclinicasc.com\/es\/#website\"},\"primaryImageOfPage\":{\"@id\":\"https:\/\/laclinicasc.com\/chronic-pain-treatment\/#primaryimage\"},\"image\":{\"@id\":\"https:\/\/laclinicasc.com\/chronic-pain-treatment\/#primaryimage\"},\"thumbnailUrl\":\"https:\/\/laclinicasc.com\/wp-content\/uploads\/2023\/11\/arm-pain-scaled.jpg\",\"datePublished\":\"2023-11-02T15:05:51+00:00\",\"dateModified\":\"2025-03-19T02:20:09+00:00\",\"description\":\"Struggling with chronic pain? La Clinica S.C. in Chicago offers expert treatments to help you regain comfort, mobility, and a pain-free life.\",\"breadcrumb\":{\"@id\":\"https:\/\/laclinicasc.com\/chronic-pain-treatment\/#breadcrumb\"},\"inLanguage\":\"es\",\"potentialAction\":[{\"@type\":\"ReadAction\",\"target\":[\"https:\/\/laclinicasc.com\/chronic-pain-treatment\/\"]}]},{\"@type\":\"ImageObject\",\"inLanguage\":\"es\",\"@id\":\"https:\/\/laclinicasc.com\/chronic-pain-treatment\/#primaryimage\",\"url\":\"https:\/\/laclinicasc.com\/wp-content\/uploads\/2023\/11\/arm-pain-scaled.jpg\",\"contentUrl\":\"https:\/\/laclinicasc.com\/wp-content\/uploads\/2023\/11\/arm-pain-scaled.jpg\",\"width\":2560,\"height\":1708,\"caption\":\"Woman holding her painful elbow\"},{\"@type\":\"BreadcrumbList\",\"@id\":\"https:\/\/laclinicasc.com\/chronic-pain-treatment\/#breadcrumb\",\"itemListElement\":[{\"@type\":\"ListItem\",\"position\":1,\"name\":\"Home\",\"item\":\"https:\/\/laclinicasc.com\/es\/\"},{\"@type\":\"ListItem\",\"position\":2,\"name\":\"Chronic Pain Treatment\"}]},{\"@type\":\"WebSite\",\"@id\":\"https:\/\/laclinicasc.com\/es\/#website\",\"url\":\"https:\/\/laclinicasc.com\/es\/\",\"name\":\"La Clinica\",\"description\":\"Personal Injury Care Center in Chicago\",\"publisher\":{\"@id\":\"https:\/\/laclinicasc.com\/es\/#organization\"},\"potentialAction\":[{\"@type\":\"SearchAction\",\"target\":{\"@type\":\"EntryPoint\",\"urlTemplate\":\"https:\/\/laclinicasc.com\/es\/?s={search_term_string}\"},\"query-input\":{\"@type\":\"PropertyValueSpecification\",\"valueRequired\":true,\"valueName\":\"search_term_string\"}}],\"inLanguage\":\"es\"},{\"@type\":\"Organization\",\"@id\":\"https:\/\/laclinicasc.com\/es\/#organization\",\"name\":\"La Clinica\",\"url\":\"https:\/\/laclinicasc.com\/es\/\",\"logo\":{\"@type\":\"ImageObject\",\"inLanguage\":\"es\",\"@id\":\"https:\/\/laclinicasc.com\/es\/#\/schema\/logo\/image\/\",\"url\":\"https:\/\/coral-eel-948463.hostingersite.com\/wp-content\/uploads\/2021\/03\/La-Clinica-Transparent-Color-Logo.png\",\"contentUrl\":\"https:\/\/coral-eel-948463.hostingersite.com\/wp-content\/uploads\/2021\/03\/La-Clinica-Transparent-Color-Logo.png\",\"width\":215,\"height\":125,\"caption\":\"La Clinica\"},\"image\":{\"@id\":\"https:\/\/laclinicasc.com\/es\/#\/schema\/logo\/image\/\"}}]}<\/script>\n<!-- \/ Yoast SEO plugin. -->","yoast_head_json":{"title":"Tratamiento Del Dolor Cr\u00f3nico En Chicago Para Alivio","description":"\u00bfSufre de dolor cr\u00f3nico? La Cl\u00ednica SC en Chicago ofrece tratamientos especializados para ayudarle a recuperar la comodidad, la movilidad y una vida sin dolor.","robots":{"index":"index","follow":"follow","max-snippet":"max-snippet:-1","max-image-preview":"max-image-preview:large","max-video-preview":"max-video-preview:-1"},"canonical":"https:\/\/laclinicasc.com\/es\/tratamiento-del-dolor-cronico\/","og_locale":"es_MX","og_type":"article","og_title":"Chronic Pain Treatment in Chicago | Lasting Relief - La Clinica S.C.","og_description":"Struggling with chronic pain? La Clinica S.C. in Chicago offers expert treatments to help you regain comfort, mobility, and a pain-free life.","og_url":"https:\/\/laclinicasc.com\/es\/tratamiento-del-dolor-cronico\/","og_site_name":"La Clinica","article_modified_time":"2025-03-19T02:20:09+00:00","og_image":[{"width":2560,"height":1708,"url":"https:\/\/laclinicasc.com\/wp-content\/uploads\/2023\/11\/arm-pain-scaled.jpg","type":"image\/jpeg"}],"twitter_card":"summary_large_image","twitter_misc":{"Tiempo de lectura":"5 minutos"},"schema":{"@context":"https:\/\/schema.org","@graph":[{"@type":"WebPage","@id":"https:\/\/laclinicasc.com\/chronic-pain-treatment\/","url":"https:\/\/laclinicasc.com\/chronic-pain-treatment\/","name":"Tratamiento Del Dolor Cr\u00f3nico En Chicago Para Alivio","isPartOf":{"@id":"https:\/\/laclinicasc.com\/es\/#website"},"primaryImageOfPage":{"@id":"https:\/\/laclinicasc.com\/chronic-pain-treatment\/#primaryimage"},"image":{"@id":"https:\/\/laclinicasc.com\/chronic-pain-treatment\/#primaryimage"},"thumbnailUrl":"https:\/\/laclinicasc.com\/wp-content\/uploads\/2023\/11\/arm-pain-scaled.jpg","datePublished":"2023-11-02T15:05:51+00:00","dateModified":"2025-03-19T02:20:09+00:00","description":"\u00bfSufre de dolor cr\u00f3nico? La Cl\u00ednica SC en Chicago ofrece tratamientos especializados para ayudarle a recuperar la comodidad, la movilidad y una vida sin dolor.","breadcrumb":{"@id":"https:\/\/laclinicasc.com\/chronic-pain-treatment\/#breadcrumb"},"inLanguage":"es","potentialAction":[{"@type":"ReadAction","target":["https:\/\/laclinicasc.com\/chronic-pain-treatment\/"]}]},{"@type":"ImageObject","inLanguage":"es","@id":"https:\/\/laclinicasc.com\/chronic-pain-treatment\/#primaryimage","url":"https:\/\/laclinicasc.com\/wp-content\/uploads\/2023\/11\/arm-pain-scaled.jpg","contentUrl":"https:\/\/laclinicasc.com\/wp-content\/uploads\/2023\/11\/arm-pain-scaled.jpg","width":2560,"height":1708,"caption":"Woman holding her painful elbow"},{"@type":"BreadcrumbList","@id":"https:\/\/laclinicasc.com\/chronic-pain-treatment\/#breadcrumb","itemListElement":[{"@type":"ListItem","position":1,"name":"Home","item":"https:\/\/laclinicasc.com\/es\/"},{"@type":"ListItem","position":2,"name":"Chronic Pain Treatment"}]},{"@type":"WebSite","@id":"https:\/\/laclinicasc.com\/es\/#website","url":"https:\/\/laclinicasc.com\/es\/","name":"La Clinica,","description":"Centro de Atenci\u00f3n de Lesiones Personales en Chicago","publisher":{"@id":"https:\/\/laclinicasc.com\/es\/#organization"},"potentialAction":[{"@type":"SearchAction","target":{"@type":"EntryPoint","urlTemplate":"https:\/\/laclinicasc.com\/es\/?s={search_term_string}"},"query-input":{"@type":"PropertyValueSpecification","valueRequired":true,"valueName":"search_term_string"}}],"inLanguage":"es"},{"@type":"Organization","@id":"https:\/\/laclinicasc.com\/es\/#organization","name":"La Clinica,","url":"https:\/\/laclinicasc.com\/es\/","logo":{"@type":"ImageObject","inLanguage":"es","@id":"https:\/\/laclinicasc.com\/es\/#\/schema\/logo\/image\/","url":"https:\/\/coral-eel-948463.hostingersite.com\/wp-content\/uploads\/2021\/03\/La-Clinica-Transparent-Color-Logo.png","contentUrl":"https:\/\/coral-eel-948463.hostingersite.com\/wp-content\/uploads\/2021\/03\/La-Clinica-Transparent-Color-Logo.png","width":215,"height":125,"caption":"La Clinica"},"image":{"@id":"https:\/\/laclinicasc.com\/es\/#\/schema\/logo\/image\/"}}]}},"_links":{"self":[{"href":"https:\/\/laclinicasc.com\/es\/wp-json\/wp\/v2\/pages\/5173","targetHints":{"allow":["GET"]}}],"collection":[{"href":"https:\/\/laclinicasc.com\/es\/wp-json\/wp\/v2\/pages"}],"about":[{"href":"https:\/\/laclinicasc.com\/es\/wp-json\/wp\/v2\/types\/page"}],"author":[{"embeddable":true,"href":"https:\/\/laclinicasc.com\/es\/wp-json\/wp\/v2\/users\/5"}],"replies":[{"embeddable":true,"href":"https:\/\/laclinicasc.com\/es\/wp-json\/wp\/v2\/comments?post=5173"}],"version-history":[{"count":9,"href":"https:\/\/laclinicasc.com\/es\/wp-json\/wp\/v2\/pages\/5173\/revisions"}],"predecessor-version":[{"id":5200,"href":"https:\/\/laclinicasc.com\/es\/wp-json\/wp\/v2\/pages\/5173\/revisions\/5200"}],"wp:featuredmedia":[{"embeddable":true,"href":"https:\/\/laclinicasc.com\/es\/wp-json\/wp\/v2\/media\/5181"}],"wp:attachment":[{"href":"https:\/\/laclinicasc.com\/es\/wp-json\/wp\/v2\/media?parent=5173"}],"curies":[{"name":"Gracias","href":"https:\/\/api.w.org\/{rel}","templated":true}]}}