{"id":3464,"date":"2021-04-21T08:59:27","date_gmt":"2021-04-21T08:59:27","guid":{"rendered":"https:\/\/egmtest.com\/laclinica\/?page_id=3464"},"modified":"2024-11-20T05:24:59","modified_gmt":"2024-11-20T05:24:59","slug":"carreras","status":"publish","type":"page","link":"https:\/\/laclinicasc.com\/es\/careers\/","title":{"rendered":"Carreras"},"content":{"rendered":"<div class=\"qodef-content-grid\"><div class=\"vc_row wpb_row vc_row-fluid vc_custom_1617281360541 vc_column-gap-30\"><div class=\"wpb_column vc_column_container vc_col-sm-6\"><div class=\"vc_column-inner vc_custom_1617281395124\"><div class=\"wpb_wrapper\"><div class=\"qodef-shortcode qodef-m em-title-after qodef-section-title qodef-alignment--left\">\n\t\t\t<div class=\"qodef-m-tagline\" style=\"margin-bottom: 3px;color: #db7e30\">\n\t\tCambiando Vidas\t<\/div>\n\t\t<h2 class=\"qodef-m-title\" >\n\t\t\t\t\tAvanza tu Carrera con La Cl\u00ednica\t\t\t<\/h2>\n\t<\/div><div class=\"vc_empty_space\"   style=\"height: 60px\"><span class=\"vc_empty_space_inner\"><\/span><\/div>\n\t<div class=\"wpb_text_column wpb_content_element  vc_custom_1625341640653\" >\n\t\t<div class=\"wpb_wrapper\">\n\t\t\t<p>La Cl\u00ednica, S.C. tiene el compromiso de brindar bienestar con respeto y profesionalismo. Hacemos esto principalmente a trav\u00e9s del manejo del dolor, terapia relacionada con lesiones laborales, cirug\u00eda ortop\u00e9dica y servicios quiropr\u00e1cticos. Nuestra amplia variedad de servicios significa que muchas personas pueden encontrar una carrera gratificante en el cuidado de la salud con nosotros.<\/p>\n<p>Las ubicaciones de La Cl\u00ednica siempre est\u00e1n buscando personas talentosas que no solo sientan pasi\u00f3n por la atenci\u00f3n m\u00e9dica, sino tambi\u00e9n por construir relaciones con nuestros pacientes y nuestras comunidades. Tenemos vacantes para varios puestos en ubicaciones en todo el \u00e1rea de Chicago y los suburbios, y ofrecemos muchos beneficios. Estos suelen incluir vacaciones pagadas y plan de jubilaci\u00f3n.<\/p>\n<p>Si este suena como el lugar para usted, env\u00ede su solicitud o llame si tiene preguntas.<\/p>\n<p><span style=\"text-decoration: underline;\"><strong><a href=\"#wp_popup_2637819\" type=\"popup\">APLICA YA<\/a><\/strong><\/span><\/p>\n\n\t\t<\/div>\n\t<\/div>\n<\/div><\/div><\/div><div class=\"wpb_column vc_column_container vc_col-sm-6\"><div class=\"vc_column-inner vc_custom_1616512824880\"><div class=\"wpb_wrapper\">\n\t<div  class=\"wpb_single_image wpb_content_element vc_align_left\">\n\t\t\n\t\t<figure class=\"wpb_wrapper vc_figure\">\n\t\t\t<div class=\"vc_single_image-wrapper   vc_box_border_grey\"><img loading=\"lazy\" decoding=\"async\" class=\"vc_single_image-img\" src=\"https:\/\/laclinicasc.com\/wp-content\/uploads\/2022\/01\/physical-therapist-stretching-senior-woman-s-neck-2021-08-26-16-53-46-utc-600x600.jpg\" width=\"600\" height=\"600\" alt=\"Fisioterapeuta estirando el cuello de la mujer mayor\" title=\"Fisioterapeuta estirando el cuello de la mujer mayor\" \/><\/div>\n\t\t<\/figure>\n\t<\/div>\n<\/div><\/div><\/div><\/div><\/div><div data-vc-full-width=\"true\" data-vc-full-width-init=\"false\" data-vc-stretch-content=\"true\" class=\"vc_row wpb_row vc_row-fluid vc_custom_1618996016257 vc_row-has-fill vc_row-no-padding vc_row-o-equal-height vc_row-o-content-middle vc_row-flex\"><div class=\"wpb_column vc_column_container vc_col-sm-4 vc_col-lg-6 vc_col-md-12 vc_col-xs-12 vc_col-has-fill\"><div class=\"vc_column-inner vc_custom_1641067036960\"><div class=\"wpb_wrapper\"><\/div><\/div><\/div><div class=\"wpb_column vc_column_container vc_col-sm-8 vc_col-lg-6 vc_col-md-12 vc_col-xs-12\"><div class=\"vc_column-inner vc_custom_1621863832768\"><div class=\"wpb_wrapper\"><div class=\"qodef-shortcode qodef-m  qodef-section-title qodef-alignment--left\">\n\t\t\t\t<h2 class=\"qodef-m-title\" >\n\t\t\t\t\tPor qu\u00e9 trabajar para La Cl\u00ednica\t\t\t<\/h2>\n\t<\/div>\n\t<div class=\"wpb_text_column wpb_content_element  vc_custom_1732076423877\" >\n\t\t<div class=\"wpb_wrapper\">\n\t\t\t<ul>\n<li>Un entorno desafiante y gratificante<\/li>\n<li>Amplias oportunidades de crecimiento<\/li>\n<li>Salarios competitivos y excelentes beneficios para los empleados.<\/li>\n<li>Fuertes lazos con la comunidad local.<\/li>\n<li>Un equipo de apoyo<\/li>\n<li>Saber que lo est\u00e1 haciendo bien al ayudar a los pacientes a recuperarse de sus lesiones<\/li>\n<\/ul>\n<p style=\"text-align: center;\"><span style=\"text-decoration: underline;\"><strong>APLICA YA<\/strong><\/span><\/p>\n\n\t\t<\/div>\n\t<\/div>\n\n\t<div class=\"wpb_text_column wpb_content_element\" >\n\t\t<div class=\"wpb_wrapper\">\n\t\t\t<p><script charset=\"utf-8\" type=\"text\/javascript\" src=\"\/\/js.hsforms.net\/forms\/embed\/v2.js\"><\/script><br \/>\n<script>\n  hbspt.forms.create({\n    portalId: \"44389123\",\n    formId: \"8aaf1842-c110-4fa1-b8e5-6dbe6c9deaf9\"\n  });\n<\/script><\/p>\n\n\t\t<\/div>\n\t<\/div>\n<\/div><\/div><\/div><\/div><div class=\"vc_row-full-width vc_clearfix\"><\/div><div class=\"qodef-content-grid\"><div data-vc-full-width=\"true\" data-vc-full-width-init=\"false\" class=\"vc_row wpb_row vc_row-fluid vc_custom_1618998043823\"><div class=\"wpb_column vc_column_container vc_col-sm-12\"><div class=\"vc_column-inner\"><div class=\"wpb_wrapper\"><div class=\"vc_tta-container\" data-vc-action=\"collapseAll\"><div class=\"vc_general vc_tta vc_tta-accordion vc_tta-color-grey vc_tta-style-classic vc_tta-shape-rounded vc_tta-o-shape-group vc_tta-gap-20 vc_tta-controls-align-left vc_tta-o-no-fill vc_tta-o-all-clickable  em-accordion-blue\"><div class=\"vc_tta-panels-container\"><div class=\"vc_tta-panels\"><div class=\"vc_tta-panel\" id=\"how-do-i-apply-for-a-job-at-la-clinica\" data-vc-content=\".vc_tta-panel-body\"><div class=\"vc_tta-panel-heading\"><h4 class=\"vc_tta-panel-title vc_tta-controls-icon-position-right\"><a href=\"#how-do-i-apply-for-a-job-at-la-clinica\" data-vc-accordion data-vc-container=\".vc_tta-container\"><span class=\"vc_tta-title-text\">\u00bfC\u00f3mo solicito un trabajo en La Cl\u00ednica?<\/span><i class=\"vc_tta-controls-icon vc_tta-controls-icon-chevron\"><\/i><\/a><\/h4><\/div><div class=\"vc_tta-panel-body\">\n\t<div class=\"wpb_text_column wpb_content_element\" >\n\t\t<div class=\"wpb_wrapper\">\n\t\t\t<p>Nuestra aplicaci\u00f3n ya est\u00e1 en l\u00ednea. Puede enviarlo y cualquier material de apoyo aqu\u00ed.<\/p>\n\n\t\t<\/div>\n\t<\/div>\n<\/div><\/div><div class=\"vc_tta-panel\" id=\"how-do-i-know-la-clinica-received-my-application\" data-vc-content=\".vc_tta-panel-body\"><div class=\"vc_tta-panel-heading\"><h4 class=\"vc_tta-panel-title vc_tta-controls-icon-position-right\"><a href=\"#how-do-i-know-la-clinica-received-my-application\" data-vc-accordion data-vc-container=\".vc_tta-container\"><span class=\"vc_tta-title-text\">\u00bfC\u00f3mo s\u00e9 que La Cl\u00ednica recibi\u00f3 mi solicitud?<\/span><i class=\"vc_tta-controls-icon vc_tta-controls-icon-chevron\"><\/i><\/a><\/h4><\/div><div class=\"vc_tta-panel-body\">\n\t<div class=\"wpb_text_column wpb_content_element\" >\n\t\t<div class=\"wpb_wrapper\">\n\t\t\t<p>Durante el proceso, se le pedir\u00e1 que proporcione una direcci\u00f3n de correo electr\u00f3nico. Le enviaremos una confirmaci\u00f3n por correo electr\u00f3nico al recibir su solicitud.<\/p>\n\n\t\t<\/div>\n\t<\/div>\n<\/div><\/div><div class=\"vc_tta-panel\" id=\"do-i-have-to-complete-another-application\" data-vc-content=\".vc_tta-panel-body\"><div class=\"vc_tta-panel-heading\"><h4 class=\"vc_tta-panel-title vc_tta-controls-icon-position-right\"><a href=\"#do-i-have-to-complete-another-application\" data-vc-accordion data-vc-container=\".vc_tta-container\"><span class=\"vc_tta-title-text\">\u00bfTendr\u00e9 que completar otra solicitud si estoy interesado en m\u00e1s de un puesto?<\/span><i class=\"vc_tta-controls-icon vc_tta-controls-icon-chevron\"><\/i><\/a><\/h4><\/div><div class=\"vc_tta-panel-body\">\n\t<div class=\"wpb_text_column wpb_content_element\" >\n\t\t<div class=\"wpb_wrapper\">\n\t\t\t<p>S\u00ed, deber\u00e1 completar una solicitud para cada puesto que le interese, ya que se env\u00edan al reclutador y los departamentos respectivos.<\/p>\n\n\t\t<\/div>\n\t<\/div>\n<\/div><\/div><div class=\"vc_tta-panel\" id=\"does-la-clinica-have-generic-applications\" data-vc-content=\".vc_tta-panel-body\"><div class=\"vc_tta-panel-heading\"><h4 class=\"vc_tta-panel-title vc_tta-controls-icon-position-right\"><a href=\"#does-la-clinica-have-generic-applications\" data-vc-accordion data-vc-container=\".vc_tta-container\"><span class=\"vc_tta-title-text\">\u00bfLa Cl\u00ednica tiene aplicaciones \"gen\u00e9ricas\"?<\/span><i class=\"vc_tta-controls-icon vc_tta-controls-icon-chevron\"><\/i><\/a><\/h4><\/div><div class=\"vc_tta-panel-body\">\n\t<div class=\"wpb_text_column wpb_content_element\" >\n\t\t<div class=\"wpb_wrapper\">\n\t\t\t<p>No, no tenemos aplicaciones generales. Debe postularse para un puesto espec\u00edfico que se haya publicado.<\/p>\n\n\t\t<\/div>\n\t<\/div>\n<\/div><\/div><div class=\"vc_tta-panel\" id=\"how-long-does-la-clinica-keep-my-application\" data-vc-content=\".vc_tta-panel-body\"><div class=\"vc_tta-panel-heading\"><h4 class=\"vc_tta-panel-title vc_tta-controls-icon-position-right\"><a href=\"#how-long-does-la-clinica-keep-my-application\" data-vc-accordion data-vc-container=\".vc_tta-container\"><span class=\"vc_tta-title-text\">\u00bfCu\u00e1nto tiempo conserva La Cl\u00ednica mi solicitud?<\/span><i class=\"vc_tta-controls-icon vc_tta-controls-icon-chevron\"><\/i><\/a><\/h4><\/div><div class=\"vc_tta-panel-body\">\n\t<div class=\"wpb_text_column wpb_content_element\" >\n\t\t<div class=\"wpb_wrapper\">\n\t\t\t<p>Las solicitudes se archivan durante tres meses.<\/p>\n\n\t\t<\/div>\n\t<\/div>\n<\/div><\/div><div class=\"vc_tta-panel\" id=\"can-i-call-to-check-on-the-status-of-my-application\" data-vc-content=\".vc_tta-panel-body\"><div class=\"vc_tta-panel-heading\"><h4 class=\"vc_tta-panel-title vc_tta-controls-icon-position-right\"><a href=\"#can-i-call-to-check-on-the-status-of-my-application\" data-vc-accordion data-vc-container=\".vc_tta-container\"><span class=\"vc_tta-title-text\">\u00bfPuedo llamar para verificar el estado de mi solicitud?<\/span><i class=\"vc_tta-controls-icon vc_tta-controls-icon-chevron\"><\/i><\/a><\/h4><\/div><div class=\"vc_tta-panel-body\">\n\t<div class=\"wpb_text_column wpb_content_element\" >\n\t\t<div class=\"wpb_wrapper\">\n\t\t\t<p>No es necesario un seguimiento, ya que cada solicitud se revisa y confirma con un correo electr\u00f3nico del equipo de empleo de Recursos Humanos. Tambi\u00e9n se le notificar\u00e1 si es seleccionado para una entrevista.<\/p>\n\n\t\t<\/div>\n\t<\/div>\n<\/div><\/div><div class=\"vc_tta-panel\" id=\"how-soon-can-i-expect-to-hear-from-someone-regarding-my-application-at-la-clinica\" data-vc-content=\".vc_tta-panel-body\"><div class=\"vc_tta-panel-heading\"><h4 class=\"vc_tta-panel-title vc_tta-controls-icon-position-right\"><a href=\"#how-soon-can-i-expect-to-hear-from-someone-regarding-my-application-at-la-clinica\" data-vc-accordion data-vc-container=\".vc_tta-container\"><span class=\"vc_tta-title-text\">\u00bfQu\u00e9 tan pronto puedo esperar tener noticias de alguien sobre mi solicitud en La Cl\u00ednica?<\/span><i class=\"vc_tta-controls-icon vc_tta-controls-icon-chevron\"><\/i><\/a><\/h4><\/div><div class=\"vc_tta-panel-body\">\n\t<div class=\"wpb_text_column wpb_content_element\" >\n\t\t<div class=\"wpb_wrapper\">\n\t\t\t<p>Si sus calificaciones y antecedentes cumplen con nuestros requisitos, un reclutador puede comunicarse con usted dentro de las dos semanas posteriores a la presentaci\u00f3n de su solicitud. Sin embargo, a veces el proceso lleva m\u00e1s tiempo. Haremos todo lo posible para mantenerlo informado.<\/p>\n\n\t\t<\/div>\n\t<\/div>\n<\/div><\/div><\/div><\/div><\/div><\/div><\/div><\/div><\/div><\/div><\/div><div class=\"vc_row-full-width vc_clearfix\"><\/div>","protected":false},"excerpt":{"rendered":"Change lives Grow in a Career with La Clinica La Cl\u00ednica, S.C. is committed to delivering well-being with respect and professionalism. We do this primarily through pain management, work-injury related therapy, orthopaedic surgery, and chiropractic services. Our wide variety of services means that many individuals can find a rewarding healthcare career with us. La Cl\u00ednica [...]","protected":false},"author":1,"featured_media":0,"parent":0,"menu_order":0,"comment_status":"closed","ping_status":"closed","template":"","meta":{"content-type":"","footnotes":""},"class_list":["post-3464","page","type-page","status-publish","hentry"],"yoast_head":"<!-- This site is optimized with the Yoast SEO plugin v27.0 - https:\/\/yoast.com\/product\/yoast-seo-wordpress\/ -->\n<title>Careers | La Clinica<\/title>\n<meta name=\"robots\" content=\"index, follow, max-snippet:-1, max-image-preview:large, max-video-preview:-1\" \/>\n<link rel=\"canonical\" href=\"https:\/\/laclinicasc.com\/es\/carreras\/\" \/>\n<meta property=\"og:locale\" content=\"es_MX\" \/>\n<meta property=\"og:type\" content=\"article\" \/>\n<meta property=\"og:title\" content=\"Careers | La Clinica\" \/>\n<meta property=\"og:url\" content=\"https:\/\/laclinicasc.com\/es\/carreras\/\" \/>\n<meta property=\"og:site_name\" content=\"La Clinica\" \/>\n<meta property=\"article:modified_time\" content=\"2024-11-20T05:24:59+00:00\" \/>\n<meta name=\"twitter:card\" content=\"summary_large_image\" \/>\n<meta name=\"twitter:label1\" content=\"Tiempo de lectura\" \/>\n\t<meta name=\"twitter:data1\" content=\"3 minutos\" \/>\n<script type=\"application\/ld+json\" class=\"yoast-schema-graph\">{\"@context\":\"https:\/\/schema.org\",\"@graph\":[{\"@type\":\"WebPage\",\"@id\":\"https:\/\/laclinicasc.com\/careers\/\",\"url\":\"https:\/\/laclinicasc.com\/careers\/\",\"name\":\"Careers | La Clinica\",\"isPartOf\":{\"@id\":\"https:\/\/laclinicasc.com\/es\/#website\"},\"datePublished\":\"2021-04-21T08:59:27+00:00\",\"dateModified\":\"2024-11-20T05:24:59+00:00\",\"breadcrumb\":{\"@id\":\"https:\/\/laclinicasc.com\/careers\/#breadcrumb\"},\"inLanguage\":\"es\",\"potentialAction\":[{\"@type\":\"ReadAction\",\"target\":[\"https:\/\/laclinicasc.com\/careers\/\"]}]},{\"@type\":\"BreadcrumbList\",\"@id\":\"https:\/\/laclinicasc.com\/careers\/#breadcrumb\",\"itemListElement\":[{\"@type\":\"ListItem\",\"position\":1,\"name\":\"Home\",\"item\":\"https:\/\/laclinicasc.com\/es\/\"},{\"@type\":\"ListItem\",\"position\":2,\"name\":\"Careers\"}]},{\"@type\":\"WebSite\",\"@id\":\"https:\/\/laclinicasc.com\/es\/#website\",\"url\":\"https:\/\/laclinicasc.com\/es\/\",\"name\":\"La Clinica\",\"description\":\"Personal Injury Care Center in Chicago\",\"publisher\":{\"@id\":\"https:\/\/laclinicasc.com\/es\/#organization\"},\"potentialAction\":[{\"@type\":\"SearchAction\",\"target\":{\"@type\":\"EntryPoint\",\"urlTemplate\":\"https:\/\/laclinicasc.com\/es\/?s={search_term_string}\"},\"query-input\":{\"@type\":\"PropertyValueSpecification\",\"valueRequired\":true,\"valueName\":\"search_term_string\"}}],\"inLanguage\":\"es\"},{\"@type\":\"Organization\",\"@id\":\"https:\/\/laclinicasc.com\/es\/#organization\",\"name\":\"La Clinica\",\"url\":\"https:\/\/laclinicasc.com\/es\/\",\"logo\":{\"@type\":\"ImageObject\",\"inLanguage\":\"es\",\"@id\":\"https:\/\/laclinicasc.com\/es\/#\/schema\/logo\/image\/\",\"url\":\"https:\/\/coral-eel-948463.hostingersite.com\/wp-content\/uploads\/2021\/03\/La-Clinica-Transparent-Color-Logo.png\",\"contentUrl\":\"https:\/\/coral-eel-948463.hostingersite.com\/wp-content\/uploads\/2021\/03\/La-Clinica-Transparent-Color-Logo.png\",\"width\":215,\"height\":125,\"caption\":\"La Clinica\"},\"image\":{\"@id\":\"https:\/\/laclinicasc.com\/es\/#\/schema\/logo\/image\/\"}}]}<\/script>\n<!-- \/ Yoast SEO plugin. -->","yoast_head_json":{"title":"Carreras | La Cl\u00ednica","robots":{"index":"index","follow":"follow","max-snippet":"max-snippet:-1","max-image-preview":"max-image-preview:large","max-video-preview":"max-video-preview:-1"},"canonical":"https:\/\/laclinicasc.com\/es\/carreras\/","og_locale":"es_MX","og_type":"article","og_title":"Careers | La Clinica","og_url":"https:\/\/laclinicasc.com\/es\/carreras\/","og_site_name":"La Clinica","article_modified_time":"2024-11-20T05:24:59+00:00","twitter_card":"summary_large_image","twitter_misc":{"Tiempo de lectura":"3 minutos"},"schema":{"@context":"https:\/\/schema.org","@graph":[{"@type":"WebPage","@id":"https:\/\/laclinicasc.com\/careers\/","url":"https:\/\/laclinicasc.com\/careers\/","name":"Carreras | La Cl\u00ednica","isPartOf":{"@id":"https:\/\/laclinicasc.com\/es\/#website"},"datePublished":"2021-04-21T08:59:27+00:00","dateModified":"2024-11-20T05:24:59+00:00","breadcrumb":{"@id":"https:\/\/laclinicasc.com\/careers\/#breadcrumb"},"inLanguage":"es","potentialAction":[{"@type":"ReadAction","target":["https:\/\/laclinicasc.com\/careers\/"]}]},{"@type":"BreadcrumbList","@id":"https:\/\/laclinicasc.com\/careers\/#breadcrumb","itemListElement":[{"@type":"ListItem","position":1,"name":"Home","item":"https:\/\/laclinicasc.com\/es\/"},{"@type":"ListItem","position":2,"name":"Careers"}]},{"@type":"WebSite","@id":"https:\/\/laclinicasc.com\/es\/#website","url":"https:\/\/laclinicasc.com\/es\/","name":"La Clinica,","description":"Centro de Atenci\u00f3n de Lesiones Personales en Chicago","publisher":{"@id":"https:\/\/laclinicasc.com\/es\/#organization"},"potentialAction":[{"@type":"SearchAction","target":{"@type":"EntryPoint","urlTemplate":"https:\/\/laclinicasc.com\/es\/?s={search_term_string}"},"query-input":{"@type":"PropertyValueSpecification","valueRequired":true,"valueName":"search_term_string"}}],"inLanguage":"es"},{"@type":"Organization","@id":"https:\/\/laclinicasc.com\/es\/#organization","name":"La Clinica,","url":"https:\/\/laclinicasc.com\/es\/","logo":{"@type":"ImageObject","inLanguage":"es","@id":"https:\/\/laclinicasc.com\/es\/#\/schema\/logo\/image\/","url":"https:\/\/coral-eel-948463.hostingersite.com\/wp-content\/uploads\/2021\/03\/La-Clinica-Transparent-Color-Logo.png","contentUrl":"https:\/\/coral-eel-948463.hostingersite.com\/wp-content\/uploads\/2021\/03\/La-Clinica-Transparent-Color-Logo.png","width":215,"height":125,"caption":"La Clinica"},"image":{"@id":"https:\/\/laclinicasc.com\/es\/#\/schema\/logo\/image\/"}}]}},"_links":{"self":[{"href":"https:\/\/laclinicasc.com\/es\/wp-json\/wp\/v2\/pages\/3464","targetHints":{"allow":["GET"]}}],"collection":[{"href":"https:\/\/laclinicasc.com\/es\/wp-json\/wp\/v2\/pages"}],"about":[{"href":"https:\/\/laclinicasc.com\/es\/wp-json\/wp\/v2\/types\/page"}],"author":[{"embeddable":true,"href":"https:\/\/laclinicasc.com\/es\/wp-json\/wp\/v2\/users\/1"}],"replies":[{"embeddable":true,"href":"https:\/\/laclinicasc.com\/es\/wp-json\/wp\/v2\/comments?post=3464"}],"version-history":[{"count":79,"href":"https:\/\/laclinicasc.com\/es\/wp-json\/wp\/v2\/pages\/3464\/revisions"}],"predecessor-version":[{"id":5580,"href":"https:\/\/laclinicasc.com\/es\/wp-json\/wp\/v2\/pages\/3464\/revisions\/5580"}],"wp:attachment":[{"href":"https:\/\/laclinicasc.com\/es\/wp-json\/wp\/v2\/media?parent=3464"}],"curies":[{"name":"Gracias","href":"https:\/\/api.w.org\/{rel}","templated":true}]}}